{"id":2854,"date":"2023-07-05T15:06:32","date_gmt":"2023-07-05T13:06:32","guid":{"rendered":"https:\/\/maison-proprietaires-chamrousse.com\/?page_id=2854"},"modified":"2023-08-02T15:04:44","modified_gmt":"2023-08-02T13:04:44","slug":"donnees-personnelles","status":"publish","type":"page","link":"https:\/\/maison-proprietaires-chamrousse.com\/index.php\/donnees-personnelles\/","title":{"rendered":"Donn\u00e9es personnelles"},"content":{"rendered":"\t\t<div data-elementor-type=\"wp-page\" data-elementor-id=\"2854\" class=\"elementor elementor-2854\">\n\t\t\t\t\t\t<section class=\"elementor-section elementor-top-section elementor-element elementor-element-a1f5628 elementor-section-boxed elementor-section-height-default elementor-section-height-default\" data-id=\"a1f5628\" data-element_type=\"section\" data-e-type=\"section\">\n\t\t\t\t\t\t<div class=\"elementor-container elementor-column-gap-default\">\n\t\t\t\t\t<div class=\"elementor-column elementor-col-100 elementor-top-column elementor-element elementor-element-de3e1c9\" data-id=\"de3e1c9\" data-element_type=\"column\" data-e-type=\"column\">\n\t\t\t<div class=\"elementor-widget-wrap elementor-element-populated\">\n\t\t\t\t\t\t<div class=\"elementor-element elementor-element-eff7b71 elementor-widget elementor-widget-heading\" data-id=\"eff7b71\" data-element_type=\"widget\" data-e-type=\"widget\" data-widget_type=\"heading.default\">\n\t\t\t\t<div class=\"elementor-widget-container\">\n\t\t\t\t\t<h2 class=\"elementor-heading-title elementor-size-large\">Donn\u00e9es personnelles<\/h2>\t\t\t\t<\/div>\n\t\t\t\t<\/div>\n\t\t\t\t\t<\/div>\n\t\t<\/div>\n\t\t\t\t\t<\/div>\n\t\t<\/section>\n\t\t\t\t<section class=\"elementor-section elementor-top-section elementor-element elementor-element-1148437 elementor-section-boxed elementor-section-height-default elementor-section-height-default\" data-id=\"1148437\" data-element_type=\"section\" data-e-type=\"section\">\n\t\t\t\t\t\t<div class=\"elementor-container elementor-column-gap-default\">\n\t\t\t\t\t<div class=\"elementor-column elementor-col-100 elementor-top-column elementor-element elementor-element-d5b428f\" data-id=\"d5b428f\" data-element_type=\"column\" data-e-type=\"column\">\n\t\t\t<div class=\"elementor-widget-wrap elementor-element-populated\">\n\t\t\t\t\t\t<div class=\"elementor-element elementor-element-9bb8fc1 elementor-widget elementor-widget-text-editor\" data-id=\"9bb8fc1\" data-element_type=\"widget\" data-e-type=\"widget\" data-widget_type=\"text-editor.default\">\n\t\t\t\t<div class=\"elementor-widget-container\">\n\t\t\t\t\t\t\t\t\t<article id=\"page-info-mentionsdp-ligne-1\" class=\"page-ligne first sans_images\"><div class=\"page-pave\"><h2>Mise en conformit\u00e9 RGPD<\/h2><p>Dans le cadre du\u00a0<strong>R\u00e8glement G\u00e9n\u00e9ral sur la Protection des Donn\u00e9es (RGPD)<\/strong>\u00a0entr\u00e9 en vigueur en mai 2018, la station de Chamrousse effectue un\u00a0<strong>travail continu de mise en conformit\u00e9<\/strong>, notamment sur les\u00a0<strong>donn\u00e9es personnelles.<\/strong>\u00a0<\/p><h3>Protection des donn\u00e9es personnelles<\/h3><p>Nous collectons les donn\u00e9es personnelles avec pour finalit\u00e9 l\u2019envoi d\u2019informations sur la r\u00e9novation immobili\u00e8re de loisir \u00e0 Chamrousse (demande d&rsquo;informations, conseil, mise en relation avec services comp\u00e9tents), ainsi que pour des statistiques anonymes.<\/p><p>Le Responsable de Traitement est l\u2019Office du Tourisme\u00a0 et la Mairie de Chamrousse.<br \/>Nous nous assurons \u00e0 chaque fois que ces traitements ont une base juridique (voir paragraphe ci-dessous) et conform\u00e9ment au RGPD 2016\/679 et \u00e0 la loi 78-17 modifi\u00e9e le 27 juillet 2019, vous avez des droits (voir paragraphe ci-dessous) sur vos donn\u00e9es personnelles.<br \/>Vous pouvez les exercer par mail via le\u00a0<a href=\"https:\/\/maison-proprietaires-chamrousse.com\/\" target=\"_blank\" rel=\"noopener\">formulaire de contact<\/a>, nous y r\u00e9pondrons dans les d\u00e9lais pr\u00e9vus par le RGPD.<br \/>Les donn\u00e9es personnelles collect\u00e9es ne feront l\u2019objet d\u2019aucune cession \u00e0 des tiers et ne sont pas transf\u00e9r\u00e9es hors de l\u2019Union Europ\u00e9enne.<\/p><h4>Base juridique<\/h4><p>Nous n\u2019utilisons vos donn\u00e9es \u00e0 caract\u00e8re personnel que dans les cas pr\u00e9vus par la r\u00e9glementation en vigueur :<\/p><ul><li>dans le cadre d\u2019une mission d\u2019int\u00e9r\u00eat public ;<\/li><li>la sauvegarde des int\u00e9r\u00eats vitaux de la personne ;<\/li><li>l\u2019ex\u00e9cution d\u2019un contrat que nous avons conclu avec vous, et\/ou ;<\/li><li>l\u2019existence d\u2019un int\u00e9r\u00eat l\u00e9gitime \u00e0 utiliser vos donn\u00e9es (i.e un ensemble de raisons commerciales ou d\u2019affaires qui justifie l\u2019utilisation de vos donn\u00e9es) et\/ou ;<\/li><li>votre consentement \u00e0 l\u2019utilisation de vos donn\u00e9es, et\/ou ;<\/li><li>le respect d\u2019une obligation l\u00e9gale.<\/li><\/ul><\/div><\/article><article id=\"page-info-mentionsdp-ligne-2\" class=\"page-ligne sans_images\"><div class=\"page-pave\"><h4>Droits des personnes<\/h4><p>Conform\u00e9ment \u00e0 la R\u00e8glementation, vous b\u00e9n\u00e9ficiez des droits suivants sur vos Donn\u00e9es Personnelles :<br \/>\u2022 Un\u00a0<strong>droit d\u2019acc\u00e8s et d\u2019information<\/strong>\u00a0: vous avez le droit d\u2019\u00eatre inform\u00e9 de mani\u00e8re concise, transparente, intelligible et facilement accessible sur la mani\u00e8re dont vos Donn\u00e9es Personnelles sont trait\u00e9es. Vous avez \u00e9galement le droit d\u2019obtenir (i) la confirmation que des Donn\u00e9es Personnelles vous concernant sont trait\u00e9es et, le cas \u00e9ch\u00e9ant (ii) d\u2019acc\u00e9der \u00e0 ces Donn\u00e9es Personnelles et d\u2019en obtenir une copie.<br \/>\u2022 Un\u00a0<strong>droit de rectification<\/strong>\u00a0: vous avez le droit d\u2019obtenir la rectification des Donn\u00e9es Personnelles inexactes vous concernant. Vous avez \u00e9galement le droit de compl\u00e9ter les Donn\u00e9es Personnelles incompl\u00e8tes vous concernant, en fournissant une d\u00e9claration compl\u00e9mentaire. En cas d\u2019exercice de ce droit, nous nous engageons \u00e0 communiquer toute rectification \u00e0 l\u2019ensemble des destinataires de vos Donn\u00e9es Personnelles.<br \/>\u2022 Un\u00a0<strong>droit d\u2019effacement<\/strong>\u00a0: dans certains cas, vous avez le droit d\u2019obtenir l\u2019effacement de vos Donn\u00e9es Personnelles. Cependant, il ne s\u2019agit pas d\u2019un droit absolu et nous pouvons, pour des raisons l\u00e9gales ou l\u00e9gitimes, conserver vos Donn\u00e9es Personnelles pour une dur\u00e9e conforme \u00e0 la<br \/>R\u00e8glementation.<br \/>\u2022 Un\u00a0<strong>droit \u00e0 la limitation du traitement\u00a0<\/strong>: dans certains cas, vous avez le droit d\u2019obtenir la limitation du traitement sur vos Donn\u00e9es Personnelles.<br \/>\u2022 Un\u00a0<strong>droit \u00e0 la portabilit\u00e9<\/strong>\u00a0: vous avez le droit de recevoir les Donn\u00e9es Personnelles vous concernant que nous avons collect\u00e9es, dans un format structur\u00e9, couramment utilis\u00e9 et lisible par une machine, pour votre usage personnel ou pour les transmettre \u00e0 un tiers de votre choix. Ce droit ne s\u2019applique que lorsque le traitement de vos Donn\u00e9es Personnelles est fond\u00e9 sur votre consentement, sur l\u2019ex\u00e9cution d\u2019un contrat ou lorsque ce traitement est effectu\u00e9 par des moyens automatis\u00e9s.<br \/>\u2022 Un\u00a0<strong>droit d\u2019opposition au traitement<\/strong>\u00a0: vous avez le droit de vous opposer \u00e0 tout moment au traitement de vos Donn\u00e9es Personnelles pour les traitements fond\u00e9s sur notre int\u00e9r\u00eat l\u00e9gitime, sur une mission d\u2019int\u00e9r\u00eat public ou r\u00e9alis\u00e9s \u00e0 des fins de prospection commerciale. Cependant, il ne s\u2019agit pas d\u2019un droit absolu et nous pouvons, pour des raisons l\u00e9gales ou l\u00e9gitimes, conserver vos Donn\u00e9es Personnelles pour une dur\u00e9e conforme \u00e0 la R\u00e8glementation.<br \/>\u2022 Le\u00a0<strong>droit de retirer votre consentement \u00e0 tout moment<\/strong>\u00a0: vous pouvez retirer votre consentement au traitement de vos Donn\u00e9es Personnelles lorsque ce traitement est fond\u00e9 sur votre consentement. Le retrait du consentement ne compromet pas la lic\u00e9it\u00e9 des traitements r\u00e9alis\u00e9s avant ledit retrait.<br \/>Le droit de d\u00e9poser une plainte aupr\u00e8s d\u2019une autorit\u00e9 de contr\u00f4le, notamment la Commission Nationale de l\u2019Informatique et des Libert\u00e9s : vous avez le droit de contacter votre autorit\u00e9 de protection des donn\u00e9es pour vous plaindre de nos pratiques en mati\u00e8re de protection des donn\u00e9es personnelles.<br \/>Le droit de donner des directives concernant le sort de vos Donn\u00e9es Personnelles apr\u00e8s votre d\u00e9c\u00e8s : vous avez le droit de nous donner des directives concernant l\u2019utilisation de vos Donn\u00e9es Personnelles apr\u00e8s votre d\u00e9c\u00e8s.<\/p><p><strong>Nous pouvons exiger un justificatif de votre identit\u00e9 pour l\u2019exercice de ces droits.<\/strong><br \/>Vous avez aussi le droit de porter une r\u00e9clamation aupr\u00e8s de la Commission nationale de l\u2019informatique et des libert\u00e9s (Cnil) &#8211; 3 Place de Fontenoy &#8211; TSA 80715 &#8211; 75334 PARIS CEDEX 07.<\/p><p>En savoir plus sur les\u00a0<a href=\"\/mention-legale.html\" target=\"_blank\" rel=\"noopener\">mentions l\u00e9gales du site web et la gestion des cookies<\/a> du site web.<\/p><\/div><\/article>\t\t\t\t\t\t\t\t<\/div>\n\t\t\t\t<\/div>\n\t\t\t\t\t<\/div>\n\t\t<\/div>\n\t\t\t\t\t<\/div>\n\t\t<\/section>\n\t\t\t\t<\/div>\n\t\t","protected":false},"excerpt":{"rendered":"<p>Donn\u00e9es personnelles Mise en conformit\u00e9 RGPD Dans le cadre du&nbsp;R\u00e8glement G\u00e9n\u00e9ral sur la Protection des Donn\u00e9es (RGPD)&nbsp;entr\u00e9 en vigueur en mai 2018, la station de Chamrousse effectue un&nbsp;travail continu de mise en conformit\u00e9, notamment sur les&nbsp;donn\u00e9es personnelles.&nbsp; Protection des donn\u00e9es personnelles Nous collectons les donn\u00e9es personnelles avec pour finalit\u00e9 l\u2019envoi d\u2019informations sur la r\u00e9novation immobili\u00e8re &hellip; <\/p>\n<p class=\"link-more\"><a href=\"https:\/\/maison-proprietaires-chamrousse.com\/index.php\/donnees-personnelles\/\" class=\"more-link\">Continuer la lecture<span class=\"screen-reader-text\"> de &laquo;&nbsp;Donn\u00e9es personnelles&nbsp;&raquo;<\/span><\/a><\/p>\n","protected":false},"author":1,"featured_media":0,"parent":0,"menu_order":2,"comment_status":"closed","ping_status":"closed","template":"elementor_header_footer","meta":{"_monsterinsights_skip_tracking":false,"_monsterinsights_sitenote_active":false,"_monsterinsights_sitenote_note":"","_monsterinsights_sitenote_category":0,"footnotes":""},"class_list":["post-2854","page","type-page","status-publish","hentry"],"yoast_head":"<!-- This site is optimized with the Yoast SEO plugin v27.4 - https:\/\/yoast.com\/product\/yoast-seo-wordpress\/ -->\n<title>Donn\u00e9es personnelles - Maison des Propri\u00e9taires<\/title>\n<meta name=\"robots\" content=\"index, follow, max-snippet:-1, max-image-preview:large, max-video-preview:-1\" \/>\n<link rel=\"canonical\" href=\"https:\/\/maison-proprietaires-chamrousse.com\/index.php\/donnees-personnelles\/\" \/>\n<meta property=\"og:locale\" content=\"fr_FR\" \/>\n<meta property=\"og:type\" content=\"article\" \/>\n<meta property=\"og:title\" content=\"Donn\u00e9es personnelles - Maison des Propri\u00e9taires\" \/>\n<meta property=\"og:description\" content=\"Donn\u00e9es personnelles Mise en conformit\u00e9 RGPD Dans le cadre du&nbsp;R\u00e8glement G\u00e9n\u00e9ral sur la Protection des Donn\u00e9es (RGPD)&nbsp;entr\u00e9 en vigueur en mai 2018, la station de Chamrousse effectue un&nbsp;travail continu de mise en conformit\u00e9, notamment sur les&nbsp;donn\u00e9es personnelles.&nbsp; Protection des donn\u00e9es personnelles Nous collectons les donn\u00e9es personnelles avec pour finalit\u00e9 l\u2019envoi d\u2019informations sur la r\u00e9novation immobili\u00e8re &hellip; Continuer la lecture de &laquo;&nbsp;Donn\u00e9es personnelles&nbsp;&raquo;\" \/>\n<meta property=\"og:url\" content=\"https:\/\/maison-proprietaires-chamrousse.com\/index.php\/donnees-personnelles\/\" \/>\n<meta property=\"og:site_name\" content=\"Maison des Propri\u00e9taires\" \/>\n<meta property=\"article:modified_time\" content=\"2023-08-02T13:04:44+00:00\" \/>\n<meta name=\"twitter:card\" content=\"summary_large_image\" \/>\n<script type=\"application\/ld+json\" class=\"yoast-schema-graph\">{\"@context\":\"https:\\\/\\\/schema.org\",\"@graph\":[{\"@type\":\"WebPage\",\"@id\":\"https:\\\/\\\/maison-proprietaires-chamrousse.com\\\/index.php\\\/donnees-personnelles\\\/\",\"url\":\"https:\\\/\\\/maison-proprietaires-chamrousse.com\\\/index.php\\\/donnees-personnelles\\\/\",\"name\":\"Donn\u00e9es personnelles - Maison des Propri\u00e9taires\",\"isPartOf\":{\"@id\":\"https:\\\/\\\/maison-proprietaires-chamrousse.com\\\/#website\"},\"datePublished\":\"2023-07-05T13:06:32+00:00\",\"dateModified\":\"2023-08-02T13:04:44+00:00\",\"breadcrumb\":{\"@id\":\"https:\\\/\\\/maison-proprietaires-chamrousse.com\\\/index.php\\\/donnees-personnelles\\\/#breadcrumb\"},\"inLanguage\":\"fr-FR\",\"potentialAction\":[{\"@type\":\"ReadAction\",\"target\":[\"https:\\\/\\\/maison-proprietaires-chamrousse.com\\\/index.php\\\/donnees-personnelles\\\/\"]}]},{\"@type\":\"BreadcrumbList\",\"@id\":\"https:\\\/\\\/maison-proprietaires-chamrousse.com\\\/index.php\\\/donnees-personnelles\\\/#breadcrumb\",\"itemListElement\":[{\"@type\":\"ListItem\",\"position\":1,\"name\":\"Accueil\",\"item\":\"https:\\\/\\\/maison-proprietaires-chamrousse.com\\\/\"},{\"@type\":\"ListItem\",\"position\":2,\"name\":\"Donn\u00e9es personnelles\"}]},{\"@type\":\"WebSite\",\"@id\":\"https:\\\/\\\/maison-proprietaires-chamrousse.com\\\/#website\",\"url\":\"https:\\\/\\\/maison-proprietaires-chamrousse.com\\\/\",\"name\":\"Maison des Propri\u00e9taires\",\"description\":\"Informations, conseils, actualit\u00e9s\",\"publisher\":{\"@id\":\"https:\\\/\\\/maison-proprietaires-chamrousse.com\\\/#organization\"},\"potentialAction\":[{\"@type\":\"SearchAction\",\"target\":{\"@type\":\"EntryPoint\",\"urlTemplate\":\"https:\\\/\\\/maison-proprietaires-chamrousse.com\\\/?s={search_term_string}\"},\"query-input\":{\"@type\":\"PropertyValueSpecification\",\"valueRequired\":true,\"valueName\":\"search_term_string\"}}],\"inLanguage\":\"fr-FR\"},{\"@type\":\"Organization\",\"@id\":\"https:\\\/\\\/maison-proprietaires-chamrousse.com\\\/#organization\",\"name\":\"Maison des Propri\u00e9taires\",\"url\":\"https:\\\/\\\/maison-proprietaires-chamrousse.com\\\/\",\"logo\":{\"@type\":\"ImageObject\",\"inLanguage\":\"fr-FR\",\"@id\":\"https:\\\/\\\/maison-proprietaires-chamrousse.com\\\/#\\\/schema\\\/logo\\\/image\\\/\",\"url\":\"https:\\\/\\\/maison-proprietaires-chamrousse.com\\\/wp-content\\\/uploads\\\/2023\\\/01\\\/cropped-LOGO_CHAMROUSSE_noir_web.png\",\"contentUrl\":\"https:\\\/\\\/maison-proprietaires-chamrousse.com\\\/wp-content\\\/uploads\\\/2023\\\/01\\\/cropped-LOGO_CHAMROUSSE_noir_web.png\",\"width\":1218,\"height\":250,\"caption\":\"Maison des Propri\u00e9taires\"},\"image\":{\"@id\":\"https:\\\/\\\/maison-proprietaires-chamrousse.com\\\/#\\\/schema\\\/logo\\\/image\\\/\"}}]}<\/script>\n<!-- \/ Yoast SEO plugin. -->","yoast_head_json":{"title":"Donn\u00e9es personnelles - Maison des Propri\u00e9taires","robots":{"index":"index","follow":"follow","max-snippet":"max-snippet:-1","max-image-preview":"max-image-preview:large","max-video-preview":"max-video-preview:-1"},"canonical":"https:\/\/maison-proprietaires-chamrousse.com\/index.php\/donnees-personnelles\/","og_locale":"fr_FR","og_type":"article","og_title":"Donn\u00e9es personnelles - Maison des Propri\u00e9taires","og_description":"Donn\u00e9es personnelles Mise en conformit\u00e9 RGPD Dans le cadre du&nbsp;R\u00e8glement G\u00e9n\u00e9ral sur la Protection des Donn\u00e9es (RGPD)&nbsp;entr\u00e9 en vigueur en mai 2018, la station de Chamrousse effectue un&nbsp;travail continu de mise en conformit\u00e9, notamment sur les&nbsp;donn\u00e9es personnelles.&nbsp; Protection des donn\u00e9es personnelles Nous collectons les donn\u00e9es personnelles avec pour finalit\u00e9 l\u2019envoi d\u2019informations sur la r\u00e9novation immobili\u00e8re &hellip; Continuer la lecture de &laquo;&nbsp;Donn\u00e9es personnelles&nbsp;&raquo;","og_url":"https:\/\/maison-proprietaires-chamrousse.com\/index.php\/donnees-personnelles\/","og_site_name":"Maison des Propri\u00e9taires","article_modified_time":"2023-08-02T13:04:44+00:00","twitter_card":"summary_large_image","schema":{"@context":"https:\/\/schema.org","@graph":[{"@type":"WebPage","@id":"https:\/\/maison-proprietaires-chamrousse.com\/index.php\/donnees-personnelles\/","url":"https:\/\/maison-proprietaires-chamrousse.com\/index.php\/donnees-personnelles\/","name":"Donn\u00e9es personnelles - Maison des Propri\u00e9taires","isPartOf":{"@id":"https:\/\/maison-proprietaires-chamrousse.com\/#website"},"datePublished":"2023-07-05T13:06:32+00:00","dateModified":"2023-08-02T13:04:44+00:00","breadcrumb":{"@id":"https:\/\/maison-proprietaires-chamrousse.com\/index.php\/donnees-personnelles\/#breadcrumb"},"inLanguage":"fr-FR","potentialAction":[{"@type":"ReadAction","target":["https:\/\/maison-proprietaires-chamrousse.com\/index.php\/donnees-personnelles\/"]}]},{"@type":"BreadcrumbList","@id":"https:\/\/maison-proprietaires-chamrousse.com\/index.php\/donnees-personnelles\/#breadcrumb","itemListElement":[{"@type":"ListItem","position":1,"name":"Accueil","item":"https:\/\/maison-proprietaires-chamrousse.com\/"},{"@type":"ListItem","position":2,"name":"Donn\u00e9es personnelles"}]},{"@type":"WebSite","@id":"https:\/\/maison-proprietaires-chamrousse.com\/#website","url":"https:\/\/maison-proprietaires-chamrousse.com\/","name":"Maison des Propri\u00e9taires","description":"Informations, conseils, actualit\u00e9s","publisher":{"@id":"https:\/\/maison-proprietaires-chamrousse.com\/#organization"},"potentialAction":[{"@type":"SearchAction","target":{"@type":"EntryPoint","urlTemplate":"https:\/\/maison-proprietaires-chamrousse.com\/?s={search_term_string}"},"query-input":{"@type":"PropertyValueSpecification","valueRequired":true,"valueName":"search_term_string"}}],"inLanguage":"fr-FR"},{"@type":"Organization","@id":"https:\/\/maison-proprietaires-chamrousse.com\/#organization","name":"Maison des Propri\u00e9taires","url":"https:\/\/maison-proprietaires-chamrousse.com\/","logo":{"@type":"ImageObject","inLanguage":"fr-FR","@id":"https:\/\/maison-proprietaires-chamrousse.com\/#\/schema\/logo\/image\/","url":"https:\/\/maison-proprietaires-chamrousse.com\/wp-content\/uploads\/2023\/01\/cropped-LOGO_CHAMROUSSE_noir_web.png","contentUrl":"https:\/\/maison-proprietaires-chamrousse.com\/wp-content\/uploads\/2023\/01\/cropped-LOGO_CHAMROUSSE_noir_web.png","width":1218,"height":250,"caption":"Maison des Propri\u00e9taires"},"image":{"@id":"https:\/\/maison-proprietaires-chamrousse.com\/#\/schema\/logo\/image\/"}}]}},"_links":{"self":[{"href":"https:\/\/maison-proprietaires-chamrousse.com\/index.php\/wp-json\/wp\/v2\/pages\/2854","targetHints":{"allow":["GET"]}}],"collection":[{"href":"https:\/\/maison-proprietaires-chamrousse.com\/index.php\/wp-json\/wp\/v2\/pages"}],"about":[{"href":"https:\/\/maison-proprietaires-chamrousse.com\/index.php\/wp-json\/wp\/v2\/types\/page"}],"author":[{"embeddable":true,"href":"https:\/\/maison-proprietaires-chamrousse.com\/index.php\/wp-json\/wp\/v2\/users\/1"}],"replies":[{"embeddable":true,"href":"https:\/\/maison-proprietaires-chamrousse.com\/index.php\/wp-json\/wp\/v2\/comments?post=2854"}],"version-history":[{"count":14,"href":"https:\/\/maison-proprietaires-chamrousse.com\/index.php\/wp-json\/wp\/v2\/pages\/2854\/revisions"}],"predecessor-version":[{"id":2869,"href":"https:\/\/maison-proprietaires-chamrousse.com\/index.php\/wp-json\/wp\/v2\/pages\/2854\/revisions\/2869"}],"wp:attachment":[{"href":"https:\/\/maison-proprietaires-chamrousse.com\/index.php\/wp-json\/wp\/v2\/media?parent=2854"}],"curies":[{"name":"wp","href":"https:\/\/api.w.org\/{rel}","templated":true}]}}