{"id":3084,"date":"2023-07-07T10:01:20","date_gmt":"2023-07-07T08:01:20","guid":{"rendered":"https:\/\/maison-proprietaires-chamrousse.com\/?page_id=3084"},"modified":"2023-07-31T11:41:19","modified_gmt":"2023-07-31T09:41:19","slug":"reglementation-des-equipements","status":"publish","type":"page","link":"https:\/\/maison-proprietaires-chamrousse.com\/index.php\/maison-proprietaires-chamrousse\/je-loue-ou-souhaite-louer-mon-appartement\/bien-demarrer-mon-activite-de-location-touristique\/reglementation-des-equipements\/","title":{"rendered":"R\u00e9glementation des \u00e9quipements"},"content":{"rendered":"\t\t<div data-elementor-type=\"wp-page\" data-elementor-id=\"3084\" class=\"elementor elementor-3084\">\n\t\t\t\t\t\t<section class=\"elementor-section elementor-top-section elementor-element elementor-element-96c5323 elementor-section-boxed elementor-section-height-default elementor-section-height-default\" data-id=\"96c5323\" data-element_type=\"section\" data-e-type=\"section\">\n\t\t\t\t\t\t<div class=\"elementor-container elementor-column-gap-default\">\n\t\t\t\t\t<div class=\"elementor-column elementor-col-100 elementor-top-column elementor-element elementor-element-f6b1fd1\" data-id=\"f6b1fd1\" data-element_type=\"column\" data-e-type=\"column\">\n\t\t\t<div class=\"elementor-widget-wrap elementor-element-populated\">\n\t\t\t\t\t\t<div class=\"elementor-element elementor-element-705de24 elementor-widget elementor-widget-heading\" data-id=\"705de24\" data-element_type=\"widget\" data-e-type=\"widget\" data-widget_type=\"heading.default\">\n\t\t\t\t<div class=\"elementor-widget-container\">\n\t\t\t\t\t<h2 class=\"elementor-heading-title elementor-size-xl\">Informations r\u00e9glementaires<\/h2>\t\t\t\t<\/div>\n\t\t\t\t<\/div>\n\t\t\t\t\t<\/div>\n\t\t<\/div>\n\t\t\t\t\t<\/div>\n\t\t<\/section>\n\t\t\t\t<section class=\"elementor-section elementor-top-section elementor-element elementor-element-2614ac8 elementor-section-boxed elementor-section-height-default elementor-section-height-default\" data-id=\"2614ac8\" data-element_type=\"section\" data-e-type=\"section\">\n\t\t\t\t\t\t<div class=\"elementor-container elementor-column-gap-default\">\n\t\t\t\t\t<div class=\"elementor-column elementor-col-100 elementor-top-column elementor-element elementor-element-a28db1c\" data-id=\"a28db1c\" data-element_type=\"column\" data-e-type=\"column\">\n\t\t\t<div class=\"elementor-widget-wrap elementor-element-populated\">\n\t\t\t\t\t\t<section class=\"elementor-section elementor-inner-section elementor-element elementor-element-5b066f3 elementor-section-boxed elementor-section-height-default elementor-section-height-default\" data-id=\"5b066f3\" data-element_type=\"section\" data-e-type=\"section\">\n\t\t\t\t\t\t<div class=\"elementor-container elementor-column-gap-default\">\n\t\t\t\t\t<div class=\"elementor-column elementor-col-50 elementor-inner-column elementor-element elementor-element-6dd578a\" data-id=\"6dd578a\" data-element_type=\"column\" data-e-type=\"column\">\n\t\t\t<div class=\"elementor-widget-wrap elementor-element-populated\">\n\t\t\t\t\t\t<div class=\"elementor-element elementor-element-48cf1fc elementor-widget elementor-widget-image\" data-id=\"48cf1fc\" data-element_type=\"widget\" data-e-type=\"widget\" data-widget_type=\"image.default\">\n\t\t\t\t<div class=\"elementor-widget-container\">\n\t\t\t\t\t\t\t\t\t\t\t\t\t\t\t<img fetchpriority=\"high\" decoding=\"async\" width=\"740\" height=\"987\" src=\"https:\/\/maison-proprietaires-chamrousse.com\/wp-content\/uploads\/2022\/11\/Detail-charpente-inte_web-768x1024.jpg\" class=\"attachment-large size-large wp-image-689\" alt=\"\" srcset=\"https:\/\/maison-proprietaires-chamrousse.com\/wp-content\/uploads\/2022\/11\/Detail-charpente-inte_web-768x1024.jpg 768w, https:\/\/maison-proprietaires-chamrousse.com\/wp-content\/uploads\/2022\/11\/Detail-charpente-inte_web-225x300.jpg 225w, https:\/\/maison-proprietaires-chamrousse.com\/wp-content\/uploads\/2022\/11\/Detail-charpente-inte_web-1152x1536.jpg 1152w, https:\/\/maison-proprietaires-chamrousse.com\/wp-content\/uploads\/2022\/11\/Detail-charpente-inte_web-1536x2048.jpg 1536w, https:\/\/maison-proprietaires-chamrousse.com\/wp-content\/uploads\/2022\/11\/Detail-charpente-inte_web.jpg 1920w\" sizes=\"100vw\" \/>\t\t\t\t\t\t\t\t\t\t\t\t\t\t\t<\/div>\n\t\t\t\t<\/div>\n\t\t\t\t\t<\/div>\n\t\t<\/div>\n\t\t\t\t<div class=\"elementor-column elementor-col-50 elementor-inner-column elementor-element elementor-element-1decb1c\" data-id=\"1decb1c\" data-element_type=\"column\" data-e-type=\"column\">\n\t\t\t<div class=\"elementor-widget-wrap elementor-element-populated\">\n\t\t\t\t\t\t<div class=\"elementor-element elementor-element-fb87bd4 elementor-widget elementor-widget-text-editor\" data-id=\"fb87bd4\" data-element_type=\"widget\" data-e-type=\"widget\" data-widget_type=\"text-editor.default\">\n\t\t\t\t<div class=\"elementor-widget-container\">\n\t\t\t\t\t\t\t\t\t<p><strong>\u00a0<\/strong><\/p><p><strong>\u00a0<\/strong><\/p><p><strong>\u00a0<\/strong><\/p><p><strong>\u00a0<\/strong><\/p><p><strong>\u00a0<\/strong><\/p><p><strong>\u00a0<\/strong><\/p><p><strong>Chaque propri\u00e9taire se doit de se tenir inform\u00e9 des normes et de leurs \u00e9volutions. De m\u00eame que chaque propri\u00e9taire doit s\u2019assurer des installations \u00e9lectriques, du fonctionnement du chauffage, du bon \u00e9tat de la plomberie, du bon \u00e9tat g\u00e9n\u00e9ral.\u00a0<\/strong><\/p><h2 style=\"padding-top: 0px;\">\u00a0<\/h2>\t\t\t\t\t\t\t\t<\/div>\n\t\t\t\t<\/div>\n\t\t\t\t\t<\/div>\n\t\t<\/div>\n\t\t\t\t\t<\/div>\n\t\t<\/section>\n\t\t\t\t\t<\/div>\n\t\t<\/div>\n\t\t\t\t\t<\/div>\n\t\t<\/section>\n\t\t\t\t<section class=\"elementor-section elementor-top-section elementor-element elementor-element-c7f6856 elementor-section-boxed elementor-section-height-default elementor-section-height-default\" data-id=\"c7f6856\" data-element_type=\"section\" data-e-type=\"section\">\n\t\t\t\t\t\t<div class=\"elementor-container elementor-column-gap-default\">\n\t\t\t\t\t<div class=\"elementor-column elementor-col-100 elementor-top-column elementor-element elementor-element-b395167\" data-id=\"b395167\" data-element_type=\"column\" data-e-type=\"column\">\n\t\t\t<div class=\"elementor-widget-wrap elementor-element-populated\">\n\t\t\t\t\t\t<div class=\"elementor-element elementor-element-5092073 elementor-widget elementor-widget-text-editor\" data-id=\"5092073\" data-element_type=\"widget\" data-e-type=\"widget\" data-widget_type=\"text-editor.default\">\n\t\t\t\t<div class=\"elementor-widget-container\">\n\t\t\t\t\t\t\t\t\t<h2>Les d\u00e9tecteurs de fum\u00e9e<\/h2><p>L\u2019obligation d\u2019installer au moins\u00a0un d\u00e9tecteur de fum\u00e9e (EN14604)\u00a0incombe au propri\u00e9taire. Ce dernier devra veiller au bon fonctionnement de chaque d\u00e9tecteur install\u00e9.<\/p><h2>Les garde-corps<\/h2><p>Garde-corps et rampes d\u2019escaliers doivent respecter des normes de s\u00e9curit\u00e9.<br \/>Pour chaque \u00e9tage autre qu\u2019un rez-de-chauss\u00e9e, les garde-corps doivent avoir\u00a0une hauteur d\u2019au moins 1 m\u00e8tre, hauteur pouvant \u00eatre abaiss\u00e9e jusqu\u2019\u00e0 80 cm au cas o\u00f9 l\u2019all\u00e8ge a plus de 50 cm d\u2019\u00e9paisseur.<\/p><h2>Les lits superpos\u00e9s<\/h2><p>Tout lit en hauteur doit \u00eatre \u00e9quip\u00e9 de 4 barri\u00e8res de s\u00e9curit\u00e9 emp\u00eachant un occupant de tomber.<br \/>Il ne doit pas \u00eatre possible de retirer les barri\u00e8res sans l\u2019aide d\u2019outils.<br \/>La distance entre le bord sup\u00e9rieur de la barri\u00e8re et le plan sup\u00e9rieur du matelas doit \u00eatre d\u2019au moins 26 cm. La face sup\u00e9rieure du matelas doit se trouver \u00e0 au moins 16 cm au-dessous du bord de la barri\u00e8re de s\u00e9curit\u00e9.<\/p><p>Une mention stipulant que :\u00a0\u00ab le couchage en hauteur ne convient pas aux enfants de moins de 6 ans \u00bb\u00a0doit \u00eatre appos\u00e9e visiblement sur le lit. Le lit doit \u00eatre muni d\u2019une \u00e9chelle reli\u00e9e de mani\u00e8re s\u00fbre.<br \/>(D\u00e9cret n\u00b095-949 du 25 ao\u00fbt 1995 modifi\u00e9)<\/p>\t\t\t\t\t\t\t\t<\/div>\n\t\t\t\t<\/div>\n\t\t\t\t\t<\/div>\n\t\t<\/div>\n\t\t\t\t\t<\/div>\n\t\t<\/section>\n\t\t\t\t<\/div>\n\t\t","protected":false},"excerpt":{"rendered":"<p>Informations r\u00e9glementaires \u00a0 \u00a0 \u00a0 \u00a0 \u00a0 \u00a0 Chaque propri\u00e9taire se doit de se tenir inform\u00e9 des normes et de leurs \u00e9volutions. De m\u00eame que chaque propri\u00e9taire doit s\u2019assurer des installations \u00e9lectriques, du fonctionnement du chauffage, du bon \u00e9tat de la plomberie, du bon \u00e9tat g\u00e9n\u00e9ral.\u00a0 \u00a0 Les d\u00e9tecteurs de fum\u00e9e L\u2019obligation d\u2019installer au moins\u00a0un &hellip; <\/p>\n<p class=\"link-more\"><a href=\"https:\/\/maison-proprietaires-chamrousse.com\/index.php\/maison-proprietaires-chamrousse\/je-loue-ou-souhaite-louer-mon-appartement\/bien-demarrer-mon-activite-de-location-touristique\/reglementation-des-equipements\/\" class=\"more-link\">Continuer la lecture<span class=\"screen-reader-text\"> de &laquo;&nbsp;R\u00e9glementation des \u00e9quipements&nbsp;&raquo;<\/span><\/a><\/p>\n","protected":false},"author":1,"featured_media":0,"parent":713,"menu_order":2,"comment_status":"closed","ping_status":"closed","template":"elementor_header_footer","meta":{"_monsterinsights_skip_tracking":false,"_monsterinsights_sitenote_active":false,"_monsterinsights_sitenote_note":"","_monsterinsights_sitenote_category":0,"footnotes":""},"class_list":["post-3084","page","type-page","status-publish","hentry"],"yoast_head":"<!-- This site is optimized with the Yoast SEO plugin v27.4 - https:\/\/yoast.com\/product\/yoast-seo-wordpress\/ -->\n<title>R\u00e9glementation des \u00e9quipements - Maison des Propri\u00e9taires<\/title>\n<meta name=\"robots\" content=\"index, follow, max-snippet:-1, max-image-preview:large, max-video-preview:-1\" \/>\n<link rel=\"canonical\" href=\"https:\/\/maison-proprietaires-chamrousse.com\/index.php\/maison-proprietaires-chamrousse\/je-loue-ou-souhaite-louer-mon-appartement\/bien-demarrer-mon-activite-de-location-touristique\/reglementation-des-equipements\/\" \/>\n<meta property=\"og:locale\" content=\"fr_FR\" \/>\n<meta property=\"og:type\" content=\"article\" \/>\n<meta property=\"og:title\" content=\"R\u00e9glementation des \u00e9quipements - Maison des Propri\u00e9taires\" \/>\n<meta property=\"og:description\" content=\"Informations r\u00e9glementaires \u00a0 \u00a0 \u00a0 \u00a0 \u00a0 \u00a0 Chaque propri\u00e9taire se doit de se tenir inform\u00e9 des normes et de leurs \u00e9volutions. De m\u00eame que chaque propri\u00e9taire doit s\u2019assurer des installations \u00e9lectriques, du fonctionnement du chauffage, du bon \u00e9tat de la plomberie, du bon \u00e9tat g\u00e9n\u00e9ral.\u00a0 \u00a0 Les d\u00e9tecteurs de fum\u00e9e L\u2019obligation d\u2019installer au moins\u00a0un &hellip; Continuer la lecture de &laquo;&nbsp;R\u00e9glementation des \u00e9quipements&nbsp;&raquo;\" \/>\n<meta property=\"og:url\" content=\"https:\/\/maison-proprietaires-chamrousse.com\/index.php\/maison-proprietaires-chamrousse\/je-loue-ou-souhaite-louer-mon-appartement\/bien-demarrer-mon-activite-de-location-touristique\/reglementation-des-equipements\/\" \/>\n<meta property=\"og:site_name\" content=\"Maison des Propri\u00e9taires\" \/>\n<meta property=\"article:modified_time\" content=\"2023-07-31T09:41:19+00:00\" \/>\n<meta property=\"og:image\" content=\"http:\/\/maison-proprietaires-chamrousse.com\/wp-content\/uploads\/2022\/11\/Detail-charpente-inte_web-768x1024.jpg\" \/>\n<meta name=\"twitter:card\" content=\"summary_large_image\" \/>\n<meta name=\"twitter:label1\" content=\"Dur\u00e9e de lecture estim\u00e9e\" \/>\n\t<meta name=\"twitter:data1\" content=\"2 minutes\" \/>\n<script type=\"application\/ld+json\" class=\"yoast-schema-graph\">{\"@context\":\"https:\\\/\\\/schema.org\",\"@graph\":[{\"@type\":\"WebPage\",\"@id\":\"https:\\\/\\\/maison-proprietaires-chamrousse.com\\\/index.php\\\/maison-proprietaires-chamrousse\\\/je-loue-ou-souhaite-louer-mon-appartement\\\/bien-demarrer-mon-activite-de-location-touristique\\\/reglementation-des-equipements\\\/\",\"url\":\"https:\\\/\\\/maison-proprietaires-chamrousse.com\\\/index.php\\\/maison-proprietaires-chamrousse\\\/je-loue-ou-souhaite-louer-mon-appartement\\\/bien-demarrer-mon-activite-de-location-touristique\\\/reglementation-des-equipements\\\/\",\"name\":\"R\u00e9glementation des \u00e9quipements - Maison des Propri\u00e9taires\",\"isPartOf\":{\"@id\":\"https:\\\/\\\/maison-proprietaires-chamrousse.com\\\/#website\"},\"primaryImageOfPage\":{\"@id\":\"https:\\\/\\\/maison-proprietaires-chamrousse.com\\\/index.php\\\/maison-proprietaires-chamrousse\\\/je-loue-ou-souhaite-louer-mon-appartement\\\/bien-demarrer-mon-activite-de-location-touristique\\\/reglementation-des-equipements\\\/#primaryimage\"},\"image\":{\"@id\":\"https:\\\/\\\/maison-proprietaires-chamrousse.com\\\/index.php\\\/maison-proprietaires-chamrousse\\\/je-loue-ou-souhaite-louer-mon-appartement\\\/bien-demarrer-mon-activite-de-location-touristique\\\/reglementation-des-equipements\\\/#primaryimage\"},\"thumbnailUrl\":\"http:\\\/\\\/maison-proprietaires-chamrousse.com\\\/wp-content\\\/uploads\\\/2022\\\/11\\\/Detail-charpente-inte_web-768x1024.jpg\",\"datePublished\":\"2023-07-07T08:01:20+00:00\",\"dateModified\":\"2023-07-31T09:41:19+00:00\",\"breadcrumb\":{\"@id\":\"https:\\\/\\\/maison-proprietaires-chamrousse.com\\\/index.php\\\/maison-proprietaires-chamrousse\\\/je-loue-ou-souhaite-louer-mon-appartement\\\/bien-demarrer-mon-activite-de-location-touristique\\\/reglementation-des-equipements\\\/#breadcrumb\"},\"inLanguage\":\"fr-FR\",\"potentialAction\":[{\"@type\":\"ReadAction\",\"target\":[\"https:\\\/\\\/maison-proprietaires-chamrousse.com\\\/index.php\\\/maison-proprietaires-chamrousse\\\/je-loue-ou-souhaite-louer-mon-appartement\\\/bien-demarrer-mon-activite-de-location-touristique\\\/reglementation-des-equipements\\\/\"]}]},{\"@type\":\"ImageObject\",\"inLanguage\":\"fr-FR\",\"@id\":\"https:\\\/\\\/maison-proprietaires-chamrousse.com\\\/index.php\\\/maison-proprietaires-chamrousse\\\/je-loue-ou-souhaite-louer-mon-appartement\\\/bien-demarrer-mon-activite-de-location-touristique\\\/reglementation-des-equipements\\\/#primaryimage\",\"url\":\"http:\\\/\\\/maison-proprietaires-chamrousse.com\\\/wp-content\\\/uploads\\\/2022\\\/11\\\/Detail-charpente-inte_web-768x1024.jpg\",\"contentUrl\":\"http:\\\/\\\/maison-proprietaires-chamrousse.com\\\/wp-content\\\/uploads\\\/2022\\\/11\\\/Detail-charpente-inte_web-768x1024.jpg\"},{\"@type\":\"BreadcrumbList\",\"@id\":\"https:\\\/\\\/maison-proprietaires-chamrousse.com\\\/index.php\\\/maison-proprietaires-chamrousse\\\/je-loue-ou-souhaite-louer-mon-appartement\\\/bien-demarrer-mon-activite-de-location-touristique\\\/reglementation-des-equipements\\\/#breadcrumb\",\"itemListElement\":[{\"@type\":\"ListItem\",\"position\":1,\"name\":\"Accueil\",\"item\":\"https:\\\/\\\/maison-proprietaires-chamrousse.com\\\/\"},{\"@type\":\"ListItem\",\"position\":2,\"name\":\"Maison des propri\u00e9taires\",\"item\":\"https:\\\/\\\/maison-proprietaires-chamrousse.com\\\/\"},{\"@type\":\"ListItem\",\"position\":3,\"name\":\"Je loue ou souhaite louer mon appartement\",\"item\":\"https:\\\/\\\/maison-proprietaires-chamrousse.com\\\/index.php\\\/maison-proprietaires-chamrousse\\\/je-loue-ou-souhaite-louer-mon-appartement\\\/\"},{\"@type\":\"ListItem\",\"position\":4,\"name\":\"Bien d\u00e9marrer mon activit\u00e9 de location touristique\",\"item\":\"https:\\\/\\\/maison-proprietaires-chamrousse.com\\\/index.php\\\/maison-proprietaires-chamrousse\\\/je-loue-ou-souhaite-louer-mon-appartement\\\/bien-demarrer-mon-activite-de-location-touristique\\\/\"},{\"@type\":\"ListItem\",\"position\":5,\"name\":\"R\u00e9glementation des \u00e9quipements\"}]},{\"@type\":\"WebSite\",\"@id\":\"https:\\\/\\\/maison-proprietaires-chamrousse.com\\\/#website\",\"url\":\"https:\\\/\\\/maison-proprietaires-chamrousse.com\\\/\",\"name\":\"Maison des Propri\u00e9taires\",\"description\":\"Informations, conseils, actualit\u00e9s\",\"publisher\":{\"@id\":\"https:\\\/\\\/maison-proprietaires-chamrousse.com\\\/#organization\"},\"potentialAction\":[{\"@type\":\"SearchAction\",\"target\":{\"@type\":\"EntryPoint\",\"urlTemplate\":\"https:\\\/\\\/maison-proprietaires-chamrousse.com\\\/?s={search_term_string}\"},\"query-input\":{\"@type\":\"PropertyValueSpecification\",\"valueRequired\":true,\"valueName\":\"search_term_string\"}}],\"inLanguage\":\"fr-FR\"},{\"@type\":\"Organization\",\"@id\":\"https:\\\/\\\/maison-proprietaires-chamrousse.com\\\/#organization\",\"name\":\"Maison des Propri\u00e9taires\",\"url\":\"https:\\\/\\\/maison-proprietaires-chamrousse.com\\\/\",\"logo\":{\"@type\":\"ImageObject\",\"inLanguage\":\"fr-FR\",\"@id\":\"https:\\\/\\\/maison-proprietaires-chamrousse.com\\\/#\\\/schema\\\/logo\\\/image\\\/\",\"url\":\"https:\\\/\\\/maison-proprietaires-chamrousse.com\\\/wp-content\\\/uploads\\\/2023\\\/01\\\/cropped-LOGO_CHAMROUSSE_noir_web.png\",\"contentUrl\":\"https:\\\/\\\/maison-proprietaires-chamrousse.com\\\/wp-content\\\/uploads\\\/2023\\\/01\\\/cropped-LOGO_CHAMROUSSE_noir_web.png\",\"width\":1218,\"height\":250,\"caption\":\"Maison des Propri\u00e9taires\"},\"image\":{\"@id\":\"https:\\\/\\\/maison-proprietaires-chamrousse.com\\\/#\\\/schema\\\/logo\\\/image\\\/\"}}]}<\/script>\n<!-- \/ Yoast SEO plugin. -->","yoast_head_json":{"title":"R\u00e9glementation des \u00e9quipements - Maison des Propri\u00e9taires","robots":{"index":"index","follow":"follow","max-snippet":"max-snippet:-1","max-image-preview":"max-image-preview:large","max-video-preview":"max-video-preview:-1"},"canonical":"https:\/\/maison-proprietaires-chamrousse.com\/index.php\/maison-proprietaires-chamrousse\/je-loue-ou-souhaite-louer-mon-appartement\/bien-demarrer-mon-activite-de-location-touristique\/reglementation-des-equipements\/","og_locale":"fr_FR","og_type":"article","og_title":"R\u00e9glementation des \u00e9quipements - Maison des Propri\u00e9taires","og_description":"Informations r\u00e9glementaires \u00a0 \u00a0 \u00a0 \u00a0 \u00a0 \u00a0 Chaque propri\u00e9taire se doit de se tenir inform\u00e9 des normes et de leurs \u00e9volutions. De m\u00eame que chaque propri\u00e9taire doit s\u2019assurer des installations \u00e9lectriques, du fonctionnement du chauffage, du bon \u00e9tat de la plomberie, du bon \u00e9tat g\u00e9n\u00e9ral.\u00a0 \u00a0 Les d\u00e9tecteurs de fum\u00e9e L\u2019obligation d\u2019installer au moins\u00a0un &hellip; Continuer la lecture de &laquo;&nbsp;R\u00e9glementation des \u00e9quipements&nbsp;&raquo;","og_url":"https:\/\/maison-proprietaires-chamrousse.com\/index.php\/maison-proprietaires-chamrousse\/je-loue-ou-souhaite-louer-mon-appartement\/bien-demarrer-mon-activite-de-location-touristique\/reglementation-des-equipements\/","og_site_name":"Maison des Propri\u00e9taires","article_modified_time":"2023-07-31T09:41:19+00:00","og_image":[{"url":"http:\/\/maison-proprietaires-chamrousse.com\/wp-content\/uploads\/2022\/11\/Detail-charpente-inte_web-768x1024.jpg","type":"","width":"","height":""}],"twitter_card":"summary_large_image","twitter_misc":{"Dur\u00e9e de lecture estim\u00e9e":"2 minutes"},"schema":{"@context":"https:\/\/schema.org","@graph":[{"@type":"WebPage","@id":"https:\/\/maison-proprietaires-chamrousse.com\/index.php\/maison-proprietaires-chamrousse\/je-loue-ou-souhaite-louer-mon-appartement\/bien-demarrer-mon-activite-de-location-touristique\/reglementation-des-equipements\/","url":"https:\/\/maison-proprietaires-chamrousse.com\/index.php\/maison-proprietaires-chamrousse\/je-loue-ou-souhaite-louer-mon-appartement\/bien-demarrer-mon-activite-de-location-touristique\/reglementation-des-equipements\/","name":"R\u00e9glementation des \u00e9quipements - Maison des Propri\u00e9taires","isPartOf":{"@id":"https:\/\/maison-proprietaires-chamrousse.com\/#website"},"primaryImageOfPage":{"@id":"https:\/\/maison-proprietaires-chamrousse.com\/index.php\/maison-proprietaires-chamrousse\/je-loue-ou-souhaite-louer-mon-appartement\/bien-demarrer-mon-activite-de-location-touristique\/reglementation-des-equipements\/#primaryimage"},"image":{"@id":"https:\/\/maison-proprietaires-chamrousse.com\/index.php\/maison-proprietaires-chamrousse\/je-loue-ou-souhaite-louer-mon-appartement\/bien-demarrer-mon-activite-de-location-touristique\/reglementation-des-equipements\/#primaryimage"},"thumbnailUrl":"http:\/\/maison-proprietaires-chamrousse.com\/wp-content\/uploads\/2022\/11\/Detail-charpente-inte_web-768x1024.jpg","datePublished":"2023-07-07T08:01:20+00:00","dateModified":"2023-07-31T09:41:19+00:00","breadcrumb":{"@id":"https:\/\/maison-proprietaires-chamrousse.com\/index.php\/maison-proprietaires-chamrousse\/je-loue-ou-souhaite-louer-mon-appartement\/bien-demarrer-mon-activite-de-location-touristique\/reglementation-des-equipements\/#breadcrumb"},"inLanguage":"fr-FR","potentialAction":[{"@type":"ReadAction","target":["https:\/\/maison-proprietaires-chamrousse.com\/index.php\/maison-proprietaires-chamrousse\/je-loue-ou-souhaite-louer-mon-appartement\/bien-demarrer-mon-activite-de-location-touristique\/reglementation-des-equipements\/"]}]},{"@type":"ImageObject","inLanguage":"fr-FR","@id":"https:\/\/maison-proprietaires-chamrousse.com\/index.php\/maison-proprietaires-chamrousse\/je-loue-ou-souhaite-louer-mon-appartement\/bien-demarrer-mon-activite-de-location-touristique\/reglementation-des-equipements\/#primaryimage","url":"http:\/\/maison-proprietaires-chamrousse.com\/wp-content\/uploads\/2022\/11\/Detail-charpente-inte_web-768x1024.jpg","contentUrl":"http:\/\/maison-proprietaires-chamrousse.com\/wp-content\/uploads\/2022\/11\/Detail-charpente-inte_web-768x1024.jpg"},{"@type":"BreadcrumbList","@id":"https:\/\/maison-proprietaires-chamrousse.com\/index.php\/maison-proprietaires-chamrousse\/je-loue-ou-souhaite-louer-mon-appartement\/bien-demarrer-mon-activite-de-location-touristique\/reglementation-des-equipements\/#breadcrumb","itemListElement":[{"@type":"ListItem","position":1,"name":"Accueil","item":"https:\/\/maison-proprietaires-chamrousse.com\/"},{"@type":"ListItem","position":2,"name":"Maison des propri\u00e9taires","item":"https:\/\/maison-proprietaires-chamrousse.com\/"},{"@type":"ListItem","position":3,"name":"Je loue ou souhaite louer mon appartement","item":"https:\/\/maison-proprietaires-chamrousse.com\/index.php\/maison-proprietaires-chamrousse\/je-loue-ou-souhaite-louer-mon-appartement\/"},{"@type":"ListItem","position":4,"name":"Bien d\u00e9marrer mon activit\u00e9 de location touristique","item":"https:\/\/maison-proprietaires-chamrousse.com\/index.php\/maison-proprietaires-chamrousse\/je-loue-ou-souhaite-louer-mon-appartement\/bien-demarrer-mon-activite-de-location-touristique\/"},{"@type":"ListItem","position":5,"name":"R\u00e9glementation des \u00e9quipements"}]},{"@type":"WebSite","@id":"https:\/\/maison-proprietaires-chamrousse.com\/#website","url":"https:\/\/maison-proprietaires-chamrousse.com\/","name":"Maison des Propri\u00e9taires","description":"Informations, conseils, actualit\u00e9s","publisher":{"@id":"https:\/\/maison-proprietaires-chamrousse.com\/#organization"},"potentialAction":[{"@type":"SearchAction","target":{"@type":"EntryPoint","urlTemplate":"https:\/\/maison-proprietaires-chamrousse.com\/?s={search_term_string}"},"query-input":{"@type":"PropertyValueSpecification","valueRequired":true,"valueName":"search_term_string"}}],"inLanguage":"fr-FR"},{"@type":"Organization","@id":"https:\/\/maison-proprietaires-chamrousse.com\/#organization","name":"Maison des Propri\u00e9taires","url":"https:\/\/maison-proprietaires-chamrousse.com\/","logo":{"@type":"ImageObject","inLanguage":"fr-FR","@id":"https:\/\/maison-proprietaires-chamrousse.com\/#\/schema\/logo\/image\/","url":"https:\/\/maison-proprietaires-chamrousse.com\/wp-content\/uploads\/2023\/01\/cropped-LOGO_CHAMROUSSE_noir_web.png","contentUrl":"https:\/\/maison-proprietaires-chamrousse.com\/wp-content\/uploads\/2023\/01\/cropped-LOGO_CHAMROUSSE_noir_web.png","width":1218,"height":250,"caption":"Maison des Propri\u00e9taires"},"image":{"@id":"https:\/\/maison-proprietaires-chamrousse.com\/#\/schema\/logo\/image\/"}}]}},"_links":{"self":[{"href":"https:\/\/maison-proprietaires-chamrousse.com\/index.php\/wp-json\/wp\/v2\/pages\/3084","targetHints":{"allow":["GET"]}}],"collection":[{"href":"https:\/\/maison-proprietaires-chamrousse.com\/index.php\/wp-json\/wp\/v2\/pages"}],"about":[{"href":"https:\/\/maison-proprietaires-chamrousse.com\/index.php\/wp-json\/wp\/v2\/types\/page"}],"author":[{"embeddable":true,"href":"https:\/\/maison-proprietaires-chamrousse.com\/index.php\/wp-json\/wp\/v2\/users\/1"}],"replies":[{"embeddable":true,"href":"https:\/\/maison-proprietaires-chamrousse.com\/index.php\/wp-json\/wp\/v2\/comments?post=3084"}],"version-history":[{"count":20,"href":"https:\/\/maison-proprietaires-chamrousse.com\/index.php\/wp-json\/wp\/v2\/pages\/3084\/revisions"}],"predecessor-version":[{"id":4222,"href":"https:\/\/maison-proprietaires-chamrousse.com\/index.php\/wp-json\/wp\/v2\/pages\/3084\/revisions\/4222"}],"up":[{"embeddable":true,"href":"https:\/\/maison-proprietaires-chamrousse.com\/index.php\/wp-json\/wp\/v2\/pages\/713"}],"wp:attachment":[{"href":"https:\/\/maison-proprietaires-chamrousse.com\/index.php\/wp-json\/wp\/v2\/media?parent=3084"}],"curies":[{"name":"wp","href":"https:\/\/api.w.org\/{rel}","templated":true}]}}