{"id":3196,"date":"2023-07-10T10:37:39","date_gmt":"2023-07-10T08:37:39","guid":{"rendered":"https:\/\/maison-proprietaires-chamrousse.com\/?page_id=3196"},"modified":"2023-08-02T12:03:03","modified_gmt":"2023-08-02T10:03:03","slug":"les-agences-immobilieres-de-chamrousse","status":"publish","type":"page","link":"https:\/\/maison-proprietaires-chamrousse.com\/index.php\/maison-proprietaires-chamrousse\/je-loue-ou-souhaite-louer-mon-appartement\/commercialisation\/les-agences-immobilieres-de-chamrousse\/","title":{"rendered":"Les agences immobili\u00e8res de Chamrousse"},"content":{"rendered":"\t\t<div data-elementor-type=\"wp-page\" data-elementor-id=\"3196\" class=\"elementor elementor-3196\">\n\t\t\t\t\t\t<section class=\"elementor-section elementor-top-section elementor-element elementor-element-ab7a703 elementor-section-boxed elementor-section-height-default elementor-section-height-default\" data-id=\"ab7a703\" data-element_type=\"section\" data-e-type=\"section\">\n\t\t\t\t\t\t<div class=\"elementor-container elementor-column-gap-default\">\n\t\t\t\t\t<div class=\"elementor-column elementor-col-100 elementor-top-column elementor-element elementor-element-82be595\" data-id=\"82be595\" data-element_type=\"column\" data-e-type=\"column\">\n\t\t\t<div class=\"elementor-widget-wrap elementor-element-populated\">\n\t\t\t\t\t\t<div class=\"elementor-element elementor-element-9bd447f elementor-widget elementor-widget-heading\" data-id=\"9bd447f\" data-element_type=\"widget\" data-e-type=\"widget\" data-widget_type=\"heading.default\">\n\t\t\t\t<div class=\"elementor-widget-container\">\n\t\t\t\t\t<h2 class=\"elementor-heading-title elementor-size-xl\">Les agences immobili\u00e8res de Chamrousse<\/h2>\t\t\t\t<\/div>\n\t\t\t\t<\/div>\n\t\t\t\t\t<\/div>\n\t\t<\/div>\n\t\t\t\t\t<\/div>\n\t\t<\/section>\n\t\t\t\t<section class=\"elementor-section elementor-top-section elementor-element elementor-element-b7b2623 elementor-section-boxed elementor-section-height-default elementor-section-height-default\" data-id=\"b7b2623\" data-element_type=\"section\" data-e-type=\"section\">\n\t\t\t\t\t\t<div class=\"elementor-container elementor-column-gap-default\">\n\t\t\t\t\t<div class=\"elementor-column elementor-col-100 elementor-top-column elementor-element elementor-element-245d8f3\" data-id=\"245d8f3\" data-element_type=\"column\" data-e-type=\"column\">\n\t\t\t<div class=\"elementor-widget-wrap elementor-element-populated\">\n\t\t\t\t\t\t<section class=\"elementor-section elementor-inner-section elementor-element elementor-element-92ba05c elementor-section-boxed elementor-section-height-default elementor-section-height-default\" data-id=\"92ba05c\" data-element_type=\"section\" data-e-type=\"section\">\n\t\t\t\t\t\t<div class=\"elementor-container elementor-column-gap-default\">\n\t\t\t\t\t<div class=\"elementor-column elementor-col-50 elementor-inner-column elementor-element elementor-element-963752a\" data-id=\"963752a\" data-element_type=\"column\" data-e-type=\"column\">\n\t\t\t<div class=\"elementor-widget-wrap elementor-element-populated\">\n\t\t\t\t\t\t<div class=\"elementor-element elementor-element-d730357 elementor-widget elementor-widget-image\" data-id=\"d730357\" data-element_type=\"widget\" data-e-type=\"widget\" data-widget_type=\"image.default\">\n\t\t\t\t<div class=\"elementor-widget-container\">\n\t\t\t\t\t\t\t\t\t\t\t\t\t\t\t<img fetchpriority=\"high\" decoding=\"async\" width=\"525\" height=\"350\" src=\"https:\/\/maison-proprietaires-chamrousse.com\/wp-content\/uploads\/2022\/11\/flat-lay-of-real-estate-concept_web-1024x683.jpg\" class=\"attachment-large size-large wp-image-1499\" alt=\"\" srcset=\"https:\/\/maison-proprietaires-chamrousse.com\/wp-content\/uploads\/2022\/11\/flat-lay-of-real-estate-concept_web-1024x683.jpg 1024w, https:\/\/maison-proprietaires-chamrousse.com\/wp-content\/uploads\/2022\/11\/flat-lay-of-real-estate-concept_web-300x200.jpg 300w, https:\/\/maison-proprietaires-chamrousse.com\/wp-content\/uploads\/2022\/11\/flat-lay-of-real-estate-concept_web-768x512.jpg 768w, https:\/\/maison-proprietaires-chamrousse.com\/wp-content\/uploads\/2022\/11\/flat-lay-of-real-estate-concept_web-1536x1025.jpg 1536w, https:\/\/maison-proprietaires-chamrousse.com\/wp-content\/uploads\/2022\/11\/flat-lay-of-real-estate-concept_web.jpg 1920w\" sizes=\"100vw\" \/>\t\t\t\t\t\t\t\t\t\t\t\t\t\t\t<\/div>\n\t\t\t\t<\/div>\n\t\t\t\t\t<\/div>\n\t\t<\/div>\n\t\t\t\t<div class=\"elementor-column elementor-col-50 elementor-inner-column elementor-element elementor-element-1138337\" data-id=\"1138337\" data-element_type=\"column\" data-e-type=\"column\">\n\t\t\t<div class=\"elementor-widget-wrap elementor-element-populated\">\n\t\t\t\t\t\t<div class=\"elementor-element elementor-element-a9272bf elementor-widget elementor-widget-text-editor\" data-id=\"a9272bf\" data-element_type=\"widget\" data-e-type=\"widget\" data-widget_type=\"text-editor.default\">\n\t\t\t\t<div class=\"elementor-widget-container\">\n\t\t\t\t\t\t\t\t\t<h2><span style=\"color: var( --e-global-color-text ); font-family: var( --e-global-typography-text-font-family ), Sans-serif; font-weight: var( --e-global-typography-text-font-weight ); font-size: 1rem;\">Voici la liste des agences immobili\u00e8res pr\u00e9sentes \u00e0 Chamrousse :<\/span><\/h2><div>\u00a0<\/div><p><span style=\"text-decoration: underline;\"><a href=\"https:\/\/www.chastagnol.com\/\" target=\"_blank\" rel=\"noopener\">CHASTAGNOL IMMOBILIER<\/a>\u00a0<\/span>: 76 Av. Henry Duhamel 38410 Chamrousse \u2013 Le Recoin\u00a0<\/p><p><span style=\"text-decoration: underline;\"><a href=\"https:\/\/www.agencecote.com\/\" target=\"_blank\" rel=\"noopener\">COTE IMMOBILIER<\/a>\u00a0<\/span>: 478 Av. du P\u00e8re Tasse, 38410 Chamrousse \u2013 Roche B\u00e9ranger\u00a0<\/p><p><span style=\"text-decoration: underline;\"><a href=\"https:\/\/www.laurenceimmobilier.fr\/\" target=\"_blank\" rel=\"noopener\">LAURENCE IMMOBILIER<\/a>\u00a0<\/span>: 480 Av. du P\u00e8re Tass\u00e9, 38410 Chamrousse\u00a0 &#8211; Roche B\u00e9ranger<\/p><p><a href=\"https:\/\/www.vacanceole-particuliers.com\/\" target=\"_blank\" rel=\"noopener\"><span style=\"text-decoration: underline;\">VACANC\u00c9OLES PARTICULIERS<\/span><\/a> <em>[NOUVEAUT\u00c9 2023]<\/em>: 12 place du Vernon, 38410 Chamrousse &#8211; Le Recoin\u00a0<\/p>\t\t\t\t\t\t\t\t<\/div>\n\t\t\t\t<\/div>\n\t\t\t\t\t<\/div>\n\t\t<\/div>\n\t\t\t\t\t<\/div>\n\t\t<\/section>\n\t\t\t\t\t<\/div>\n\t\t<\/div>\n\t\t\t\t\t<\/div>\n\t\t<\/section>\n\t\t\t\t<section class=\"elementor-section elementor-top-section elementor-element elementor-element-e64529c elementor-section-boxed elementor-section-height-default elementor-section-height-default\" data-id=\"e64529c\" data-element_type=\"section\" data-e-type=\"section\">\n\t\t\t\t\t\t<div class=\"elementor-container elementor-column-gap-default\">\n\t\t\t\t\t<div class=\"elementor-column elementor-col-100 elementor-top-column elementor-element elementor-element-2880c16\" data-id=\"2880c16\" data-element_type=\"column\" data-e-type=\"column\">\n\t\t\t<div class=\"elementor-widget-wrap elementor-element-populated\">\n\t\t\t\t\t\t\t<\/div>\n\t\t<\/div>\n\t\t\t\t\t<\/div>\n\t\t<\/section>\n\t\t\t\t<section class=\"elementor-section elementor-top-section elementor-element elementor-element-52989a5 elementor-section-boxed elementor-section-height-default elementor-section-height-default\" data-id=\"52989a5\" data-element_type=\"section\" data-e-type=\"section\">\n\t\t\t\t\t\t<div class=\"elementor-container elementor-column-gap-default\">\n\t\t\t\t\t<div class=\"elementor-column elementor-col-100 elementor-top-column elementor-element elementor-element-65e09be\" data-id=\"65e09be\" data-element_type=\"column\" data-e-type=\"column\">\n\t\t\t<div class=\"elementor-widget-wrap elementor-element-populated\">\n\t\t\t\t\t\t<div class=\"elementor-element elementor-element-9209763 elementor-widget elementor-widget-text-editor\" data-id=\"9209763\" data-element_type=\"widget\" data-e-type=\"widget\" data-widget_type=\"text-editor.default\">\n\t\t\t\t<div class=\"elementor-widget-container\">\n\t\t\t\t\t\t\t\t\t<p>Confier son bien \u00e0 une agence implique certaines obligations :<br \/>&#8211;\u00a0 d\u00e9terminer des semaines d\u2019occupation personnelle ;\u00a0<br \/>&#8211; reverser une commission ;\u00a0<br \/>&#8211; donner mandat en s\u2019engageant sur une certaine dur\u00e9e et respecter des modalit\u00e9s d&rsquo;occupation (\u00e0 d\u00e9finir selon les agences).<\/p><p>En contrepartie, les agences immobili\u00e8res effectuent une s\u00e9rie de services :<br \/>&#8211; R\u00e9daction de l&rsquo;annonce ;<br \/>&#8211; Photos du meubl\u00e9 ;<br \/>&#8211;\u00a0 R\u00e9ponses aux demandes clients ;<br \/>&#8211; Tenir le calendrier ;<br \/>&#8211; D\u00e9terminer les prix de location ;\u00a0<br \/>&#8211; G\u00e9rer les paiements (et prendre une commission) ;\u00a0<br \/>&#8211; G\u00e9rer les contrats ;\u00a0<br \/>&#8211;\u00a0 Collecter la taxe de s\u00e9jour et reverser \u00e0 la commune ;\u00a0<br \/>&#8211;\u00a0 G\u00e9rer la remise des cl\u00e9s, les \u00e9tats des lieux, le m\u00e9nage de fin de s\u00e9jour, les d\u00e9pannages.<\/p>\t\t\t\t\t\t\t\t<\/div>\n\t\t\t\t<\/div>\n\t\t\t\t\t<\/div>\n\t\t<\/div>\n\t\t\t\t\t<\/div>\n\t\t<\/section>\n\t\t\t\t<\/div>\n\t\t","protected":false},"excerpt":{"rendered":"<p>Les agences immobili\u00e8res de Chamrousse Voici la liste des agences immobili\u00e8res pr\u00e9sentes \u00e0 Chamrousse : \u00a0 CHASTAGNOL IMMOBILIER\u00a0: 76 Av. Henry Duhamel 38410 Chamrousse \u2013 Le Recoin\u00a0 COTE IMMOBILIER\u00a0: 478 Av. du P\u00e8re Tasse, 38410 Chamrousse \u2013 Roche B\u00e9ranger\u00a0 LAURENCE IMMOBILIER\u00a0: 480 Av. du P\u00e8re Tass\u00e9, 38410 Chamrousse\u00a0 &#8211; Roche B\u00e9ranger VACANC\u00c9OLES PARTICULIERS [NOUVEAUT\u00c9 2023]: &hellip; <\/p>\n<p class=\"link-more\"><a href=\"https:\/\/maison-proprietaires-chamrousse.com\/index.php\/maison-proprietaires-chamrousse\/je-loue-ou-souhaite-louer-mon-appartement\/commercialisation\/les-agences-immobilieres-de-chamrousse\/\" class=\"more-link\">Continuer la lecture<span class=\"screen-reader-text\"> de &laquo;&nbsp;Les agences immobili\u00e8res de Chamrousse&nbsp;&raquo;<\/span><\/a><\/p>\n","protected":false},"author":1,"featured_media":0,"parent":717,"menu_order":2,"comment_status":"closed","ping_status":"closed","template":"elementor_header_footer","meta":{"_monsterinsights_skip_tracking":false,"_monsterinsights_sitenote_active":false,"_monsterinsights_sitenote_note":"","_monsterinsights_sitenote_category":0,"footnotes":""},"class_list":["post-3196","page","type-page","status-publish","hentry"],"yoast_head":"<!-- This site is optimized with the Yoast SEO plugin v27.4 - https:\/\/yoast.com\/product\/yoast-seo-wordpress\/ -->\n<title>Les agences immobili\u00e8res de Chamrousse - Maison des Propri\u00e9taires<\/title>\n<meta name=\"robots\" content=\"index, follow, max-snippet:-1, max-image-preview:large, max-video-preview:-1\" \/>\n<link rel=\"canonical\" href=\"https:\/\/maison-proprietaires-chamrousse.com\/index.php\/maison-proprietaires-chamrousse\/je-loue-ou-souhaite-louer-mon-appartement\/commercialisation\/les-agences-immobilieres-de-chamrousse\/\" \/>\n<meta property=\"og:locale\" content=\"fr_FR\" \/>\n<meta property=\"og:type\" content=\"article\" \/>\n<meta property=\"og:title\" content=\"Les agences immobili\u00e8res de Chamrousse - Maison des Propri\u00e9taires\" \/>\n<meta property=\"og:description\" content=\"Les agences immobili\u00e8res de Chamrousse Voici la liste des agences immobili\u00e8res pr\u00e9sentes \u00e0 Chamrousse : \u00a0 CHASTAGNOL IMMOBILIER\u00a0: 76 Av. Henry Duhamel 38410 Chamrousse \u2013 Le Recoin\u00a0 COTE IMMOBILIER\u00a0: 478 Av. du P\u00e8re Tasse, 38410 Chamrousse \u2013 Roche B\u00e9ranger\u00a0 LAURENCE IMMOBILIER\u00a0: 480 Av. du P\u00e8re Tass\u00e9, 38410 Chamrousse\u00a0 &#8211; Roche B\u00e9ranger VACANC\u00c9OLES PARTICULIERS [NOUVEAUT\u00c9 2023]: &hellip; Continuer la lecture de &laquo;&nbsp;Les agences immobili\u00e8res de Chamrousse&nbsp;&raquo;\" \/>\n<meta property=\"og:url\" content=\"https:\/\/maison-proprietaires-chamrousse.com\/index.php\/maison-proprietaires-chamrousse\/je-loue-ou-souhaite-louer-mon-appartement\/commercialisation\/les-agences-immobilieres-de-chamrousse\/\" \/>\n<meta property=\"og:site_name\" content=\"Maison des Propri\u00e9taires\" \/>\n<meta property=\"article:modified_time\" content=\"2023-08-02T10:03:03+00:00\" \/>\n<meta property=\"og:image\" content=\"http:\/\/maison-proprietaires-chamrousse.com\/wp-content\/uploads\/2022\/11\/flat-lay-of-real-estate-concept_web-1024x683.jpg\" \/>\n<meta name=\"twitter:card\" content=\"summary_large_image\" \/>\n<meta name=\"twitter:label1\" content=\"Dur\u00e9e de lecture estim\u00e9e\" \/>\n\t<meta name=\"twitter:data1\" content=\"2 minutes\" \/>\n<script type=\"application\/ld+json\" class=\"yoast-schema-graph\">{\"@context\":\"https:\\\/\\\/schema.org\",\"@graph\":[{\"@type\":\"WebPage\",\"@id\":\"https:\\\/\\\/maison-proprietaires-chamrousse.com\\\/index.php\\\/maison-proprietaires-chamrousse\\\/je-loue-ou-souhaite-louer-mon-appartement\\\/commercialisation\\\/les-agences-immobilieres-de-chamrousse\\\/\",\"url\":\"https:\\\/\\\/maison-proprietaires-chamrousse.com\\\/index.php\\\/maison-proprietaires-chamrousse\\\/je-loue-ou-souhaite-louer-mon-appartement\\\/commercialisation\\\/les-agences-immobilieres-de-chamrousse\\\/\",\"name\":\"Les agences immobili\u00e8res de Chamrousse - Maison des Propri\u00e9taires\",\"isPartOf\":{\"@id\":\"https:\\\/\\\/maison-proprietaires-chamrousse.com\\\/#website\"},\"primaryImageOfPage\":{\"@id\":\"https:\\\/\\\/maison-proprietaires-chamrousse.com\\\/index.php\\\/maison-proprietaires-chamrousse\\\/je-loue-ou-souhaite-louer-mon-appartement\\\/commercialisation\\\/les-agences-immobilieres-de-chamrousse\\\/#primaryimage\"},\"image\":{\"@id\":\"https:\\\/\\\/maison-proprietaires-chamrousse.com\\\/index.php\\\/maison-proprietaires-chamrousse\\\/je-loue-ou-souhaite-louer-mon-appartement\\\/commercialisation\\\/les-agences-immobilieres-de-chamrousse\\\/#primaryimage\"},\"thumbnailUrl\":\"http:\\\/\\\/maison-proprietaires-chamrousse.com\\\/wp-content\\\/uploads\\\/2022\\\/11\\\/flat-lay-of-real-estate-concept_web-1024x683.jpg\",\"datePublished\":\"2023-07-10T08:37:39+00:00\",\"dateModified\":\"2023-08-02T10:03:03+00:00\",\"breadcrumb\":{\"@id\":\"https:\\\/\\\/maison-proprietaires-chamrousse.com\\\/index.php\\\/maison-proprietaires-chamrousse\\\/je-loue-ou-souhaite-louer-mon-appartement\\\/commercialisation\\\/les-agences-immobilieres-de-chamrousse\\\/#breadcrumb\"},\"inLanguage\":\"fr-FR\",\"potentialAction\":[{\"@type\":\"ReadAction\",\"target\":[\"https:\\\/\\\/maison-proprietaires-chamrousse.com\\\/index.php\\\/maison-proprietaires-chamrousse\\\/je-loue-ou-souhaite-louer-mon-appartement\\\/commercialisation\\\/les-agences-immobilieres-de-chamrousse\\\/\"]}]},{\"@type\":\"ImageObject\",\"inLanguage\":\"fr-FR\",\"@id\":\"https:\\\/\\\/maison-proprietaires-chamrousse.com\\\/index.php\\\/maison-proprietaires-chamrousse\\\/je-loue-ou-souhaite-louer-mon-appartement\\\/commercialisation\\\/les-agences-immobilieres-de-chamrousse\\\/#primaryimage\",\"url\":\"http:\\\/\\\/maison-proprietaires-chamrousse.com\\\/wp-content\\\/uploads\\\/2022\\\/11\\\/flat-lay-of-real-estate-concept_web-1024x683.jpg\",\"contentUrl\":\"http:\\\/\\\/maison-proprietaires-chamrousse.com\\\/wp-content\\\/uploads\\\/2022\\\/11\\\/flat-lay-of-real-estate-concept_web-1024x683.jpg\"},{\"@type\":\"BreadcrumbList\",\"@id\":\"https:\\\/\\\/maison-proprietaires-chamrousse.com\\\/index.php\\\/maison-proprietaires-chamrousse\\\/je-loue-ou-souhaite-louer-mon-appartement\\\/commercialisation\\\/les-agences-immobilieres-de-chamrousse\\\/#breadcrumb\",\"itemListElement\":[{\"@type\":\"ListItem\",\"position\":1,\"name\":\"Accueil\",\"item\":\"https:\\\/\\\/maison-proprietaires-chamrousse.com\\\/\"},{\"@type\":\"ListItem\",\"position\":2,\"name\":\"Maison des propri\u00e9taires\",\"item\":\"https:\\\/\\\/maison-proprietaires-chamrousse.com\\\/\"},{\"@type\":\"ListItem\",\"position\":3,\"name\":\"Je loue ou souhaite louer mon appartement\",\"item\":\"https:\\\/\\\/maison-proprietaires-chamrousse.com\\\/index.php\\\/maison-proprietaires-chamrousse\\\/je-loue-ou-souhaite-louer-mon-appartement\\\/\"},{\"@type\":\"ListItem\",\"position\":4,\"name\":\"Commercialisation\",\"item\":\"https:\\\/\\\/maison-proprietaires-chamrousse.com\\\/index.php\\\/maison-proprietaires-chamrousse\\\/je-loue-ou-souhaite-louer-mon-appartement\\\/commercialisation\\\/\"},{\"@type\":\"ListItem\",\"position\":5,\"name\":\"Les agences immobili\u00e8res de Chamrousse\"}]},{\"@type\":\"WebSite\",\"@id\":\"https:\\\/\\\/maison-proprietaires-chamrousse.com\\\/#website\",\"url\":\"https:\\\/\\\/maison-proprietaires-chamrousse.com\\\/\",\"name\":\"Maison des Propri\u00e9taires\",\"description\":\"Informations, conseils, actualit\u00e9s\",\"publisher\":{\"@id\":\"https:\\\/\\\/maison-proprietaires-chamrousse.com\\\/#organization\"},\"potentialAction\":[{\"@type\":\"SearchAction\",\"target\":{\"@type\":\"EntryPoint\",\"urlTemplate\":\"https:\\\/\\\/maison-proprietaires-chamrousse.com\\\/?s={search_term_string}\"},\"query-input\":{\"@type\":\"PropertyValueSpecification\",\"valueRequired\":true,\"valueName\":\"search_term_string\"}}],\"inLanguage\":\"fr-FR\"},{\"@type\":\"Organization\",\"@id\":\"https:\\\/\\\/maison-proprietaires-chamrousse.com\\\/#organization\",\"name\":\"Maison des Propri\u00e9taires\",\"url\":\"https:\\\/\\\/maison-proprietaires-chamrousse.com\\\/\",\"logo\":{\"@type\":\"ImageObject\",\"inLanguage\":\"fr-FR\",\"@id\":\"https:\\\/\\\/maison-proprietaires-chamrousse.com\\\/#\\\/schema\\\/logo\\\/image\\\/\",\"url\":\"https:\\\/\\\/maison-proprietaires-chamrousse.com\\\/wp-content\\\/uploads\\\/2023\\\/01\\\/cropped-LOGO_CHAMROUSSE_noir_web.png\",\"contentUrl\":\"https:\\\/\\\/maison-proprietaires-chamrousse.com\\\/wp-content\\\/uploads\\\/2023\\\/01\\\/cropped-LOGO_CHAMROUSSE_noir_web.png\",\"width\":1218,\"height\":250,\"caption\":\"Maison des Propri\u00e9taires\"},\"image\":{\"@id\":\"https:\\\/\\\/maison-proprietaires-chamrousse.com\\\/#\\\/schema\\\/logo\\\/image\\\/\"}}]}<\/script>\n<!-- \/ Yoast SEO plugin. -->","yoast_head_json":{"title":"Les agences immobili\u00e8res de Chamrousse - Maison des Propri\u00e9taires","robots":{"index":"index","follow":"follow","max-snippet":"max-snippet:-1","max-image-preview":"max-image-preview:large","max-video-preview":"max-video-preview:-1"},"canonical":"https:\/\/maison-proprietaires-chamrousse.com\/index.php\/maison-proprietaires-chamrousse\/je-loue-ou-souhaite-louer-mon-appartement\/commercialisation\/les-agences-immobilieres-de-chamrousse\/","og_locale":"fr_FR","og_type":"article","og_title":"Les agences immobili\u00e8res de Chamrousse - Maison des Propri\u00e9taires","og_description":"Les agences immobili\u00e8res de Chamrousse Voici la liste des agences immobili\u00e8res pr\u00e9sentes \u00e0 Chamrousse : \u00a0 CHASTAGNOL IMMOBILIER\u00a0: 76 Av. Henry Duhamel 38410 Chamrousse \u2013 Le Recoin\u00a0 COTE IMMOBILIER\u00a0: 478 Av. du P\u00e8re Tasse, 38410 Chamrousse \u2013 Roche B\u00e9ranger\u00a0 LAURENCE IMMOBILIER\u00a0: 480 Av. du P\u00e8re Tass\u00e9, 38410 Chamrousse\u00a0 &#8211; Roche B\u00e9ranger VACANC\u00c9OLES PARTICULIERS [NOUVEAUT\u00c9 2023]: &hellip; Continuer la lecture de &laquo;&nbsp;Les agences immobili\u00e8res de Chamrousse&nbsp;&raquo;","og_url":"https:\/\/maison-proprietaires-chamrousse.com\/index.php\/maison-proprietaires-chamrousse\/je-loue-ou-souhaite-louer-mon-appartement\/commercialisation\/les-agences-immobilieres-de-chamrousse\/","og_site_name":"Maison des Propri\u00e9taires","article_modified_time":"2023-08-02T10:03:03+00:00","og_image":[{"url":"http:\/\/maison-proprietaires-chamrousse.com\/wp-content\/uploads\/2022\/11\/flat-lay-of-real-estate-concept_web-1024x683.jpg","type":"","width":"","height":""}],"twitter_card":"summary_large_image","twitter_misc":{"Dur\u00e9e de lecture estim\u00e9e":"2 minutes"},"schema":{"@context":"https:\/\/schema.org","@graph":[{"@type":"WebPage","@id":"https:\/\/maison-proprietaires-chamrousse.com\/index.php\/maison-proprietaires-chamrousse\/je-loue-ou-souhaite-louer-mon-appartement\/commercialisation\/les-agences-immobilieres-de-chamrousse\/","url":"https:\/\/maison-proprietaires-chamrousse.com\/index.php\/maison-proprietaires-chamrousse\/je-loue-ou-souhaite-louer-mon-appartement\/commercialisation\/les-agences-immobilieres-de-chamrousse\/","name":"Les agences immobili\u00e8res de Chamrousse - Maison des Propri\u00e9taires","isPartOf":{"@id":"https:\/\/maison-proprietaires-chamrousse.com\/#website"},"primaryImageOfPage":{"@id":"https:\/\/maison-proprietaires-chamrousse.com\/index.php\/maison-proprietaires-chamrousse\/je-loue-ou-souhaite-louer-mon-appartement\/commercialisation\/les-agences-immobilieres-de-chamrousse\/#primaryimage"},"image":{"@id":"https:\/\/maison-proprietaires-chamrousse.com\/index.php\/maison-proprietaires-chamrousse\/je-loue-ou-souhaite-louer-mon-appartement\/commercialisation\/les-agences-immobilieres-de-chamrousse\/#primaryimage"},"thumbnailUrl":"http:\/\/maison-proprietaires-chamrousse.com\/wp-content\/uploads\/2022\/11\/flat-lay-of-real-estate-concept_web-1024x683.jpg","datePublished":"2023-07-10T08:37:39+00:00","dateModified":"2023-08-02T10:03:03+00:00","breadcrumb":{"@id":"https:\/\/maison-proprietaires-chamrousse.com\/index.php\/maison-proprietaires-chamrousse\/je-loue-ou-souhaite-louer-mon-appartement\/commercialisation\/les-agences-immobilieres-de-chamrousse\/#breadcrumb"},"inLanguage":"fr-FR","potentialAction":[{"@type":"ReadAction","target":["https:\/\/maison-proprietaires-chamrousse.com\/index.php\/maison-proprietaires-chamrousse\/je-loue-ou-souhaite-louer-mon-appartement\/commercialisation\/les-agences-immobilieres-de-chamrousse\/"]}]},{"@type":"ImageObject","inLanguage":"fr-FR","@id":"https:\/\/maison-proprietaires-chamrousse.com\/index.php\/maison-proprietaires-chamrousse\/je-loue-ou-souhaite-louer-mon-appartement\/commercialisation\/les-agences-immobilieres-de-chamrousse\/#primaryimage","url":"http:\/\/maison-proprietaires-chamrousse.com\/wp-content\/uploads\/2022\/11\/flat-lay-of-real-estate-concept_web-1024x683.jpg","contentUrl":"http:\/\/maison-proprietaires-chamrousse.com\/wp-content\/uploads\/2022\/11\/flat-lay-of-real-estate-concept_web-1024x683.jpg"},{"@type":"BreadcrumbList","@id":"https:\/\/maison-proprietaires-chamrousse.com\/index.php\/maison-proprietaires-chamrousse\/je-loue-ou-souhaite-louer-mon-appartement\/commercialisation\/les-agences-immobilieres-de-chamrousse\/#breadcrumb","itemListElement":[{"@type":"ListItem","position":1,"name":"Accueil","item":"https:\/\/maison-proprietaires-chamrousse.com\/"},{"@type":"ListItem","position":2,"name":"Maison des propri\u00e9taires","item":"https:\/\/maison-proprietaires-chamrousse.com\/"},{"@type":"ListItem","position":3,"name":"Je loue ou souhaite louer mon appartement","item":"https:\/\/maison-proprietaires-chamrousse.com\/index.php\/maison-proprietaires-chamrousse\/je-loue-ou-souhaite-louer-mon-appartement\/"},{"@type":"ListItem","position":4,"name":"Commercialisation","item":"https:\/\/maison-proprietaires-chamrousse.com\/index.php\/maison-proprietaires-chamrousse\/je-loue-ou-souhaite-louer-mon-appartement\/commercialisation\/"},{"@type":"ListItem","position":5,"name":"Les agences immobili\u00e8res de Chamrousse"}]},{"@type":"WebSite","@id":"https:\/\/maison-proprietaires-chamrousse.com\/#website","url":"https:\/\/maison-proprietaires-chamrousse.com\/","name":"Maison des Propri\u00e9taires","description":"Informations, conseils, actualit\u00e9s","publisher":{"@id":"https:\/\/maison-proprietaires-chamrousse.com\/#organization"},"potentialAction":[{"@type":"SearchAction","target":{"@type":"EntryPoint","urlTemplate":"https:\/\/maison-proprietaires-chamrousse.com\/?s={search_term_string}"},"query-input":{"@type":"PropertyValueSpecification","valueRequired":true,"valueName":"search_term_string"}}],"inLanguage":"fr-FR"},{"@type":"Organization","@id":"https:\/\/maison-proprietaires-chamrousse.com\/#organization","name":"Maison des Propri\u00e9taires","url":"https:\/\/maison-proprietaires-chamrousse.com\/","logo":{"@type":"ImageObject","inLanguage":"fr-FR","@id":"https:\/\/maison-proprietaires-chamrousse.com\/#\/schema\/logo\/image\/","url":"https:\/\/maison-proprietaires-chamrousse.com\/wp-content\/uploads\/2023\/01\/cropped-LOGO_CHAMROUSSE_noir_web.png","contentUrl":"https:\/\/maison-proprietaires-chamrousse.com\/wp-content\/uploads\/2023\/01\/cropped-LOGO_CHAMROUSSE_noir_web.png","width":1218,"height":250,"caption":"Maison des Propri\u00e9taires"},"image":{"@id":"https:\/\/maison-proprietaires-chamrousse.com\/#\/schema\/logo\/image\/"}}]}},"_links":{"self":[{"href":"https:\/\/maison-proprietaires-chamrousse.com\/index.php\/wp-json\/wp\/v2\/pages\/3196","targetHints":{"allow":["GET"]}}],"collection":[{"href":"https:\/\/maison-proprietaires-chamrousse.com\/index.php\/wp-json\/wp\/v2\/pages"}],"about":[{"href":"https:\/\/maison-proprietaires-chamrousse.com\/index.php\/wp-json\/wp\/v2\/types\/page"}],"author":[{"embeddable":true,"href":"https:\/\/maison-proprietaires-chamrousse.com\/index.php\/wp-json\/wp\/v2\/users\/1"}],"replies":[{"embeddable":true,"href":"https:\/\/maison-proprietaires-chamrousse.com\/index.php\/wp-json\/wp\/v2\/comments?post=3196"}],"version-history":[{"count":57,"href":"https:\/\/maison-proprietaires-chamrousse.com\/index.php\/wp-json\/wp\/v2\/pages\/3196\/revisions"}],"predecessor-version":[{"id":4749,"href":"https:\/\/maison-proprietaires-chamrousse.com\/index.php\/wp-json\/wp\/v2\/pages\/3196\/revisions\/4749"}],"up":[{"embeddable":true,"href":"https:\/\/maison-proprietaires-chamrousse.com\/index.php\/wp-json\/wp\/v2\/pages\/717"}],"wp:attachment":[{"href":"https:\/\/maison-proprietaires-chamrousse.com\/index.php\/wp-json\/wp\/v2\/media?parent=3196"}],"curies":[{"name":"wp","href":"https:\/\/api.w.org\/{rel}","templated":true}]}}