{"id":3330,"date":"2023-07-10T16:28:12","date_gmt":"2023-07-10T14:28:12","guid":{"rendered":"https:\/\/maison-proprietaires-chamrousse.com\/?page_id=3330"},"modified":"2023-07-31T16:45:50","modified_gmt":"2023-07-31T14:45:50","slug":"le-diagnostic-de-performance-energetique-dpe","status":"publish","type":"page","link":"https:\/\/maison-proprietaires-chamrousse.com\/index.php\/maison-proprietaires-chamrousse\/je-renove-ou-souhaite-renover-mon-bien\/renovation-energetique-cadre-legislatif-et-reglementaire\/le-diagnostic-de-performance-energetique-dpe\/","title":{"rendered":"Le Diagnostic de Performance Energ\u00e9tique (DPE)"},"content":{"rendered":"\t\t<div data-elementor-type=\"wp-page\" data-elementor-id=\"3330\" class=\"elementor elementor-3330\">\n\t\t\t\t\t\t<section class=\"elementor-section elementor-top-section elementor-element elementor-element-0f33be0 elementor-section-boxed elementor-section-height-default elementor-section-height-default\" data-id=\"0f33be0\" data-element_type=\"section\" data-e-type=\"section\">\n\t\t\t\t\t\t<div class=\"elementor-container elementor-column-gap-default\">\n\t\t\t\t\t<div class=\"elementor-column elementor-col-100 elementor-top-column elementor-element elementor-element-e5ac137\" data-id=\"e5ac137\" data-element_type=\"column\" data-e-type=\"column\">\n\t\t\t<div class=\"elementor-widget-wrap elementor-element-populated\">\n\t\t\t\t\t\t<div class=\"elementor-element elementor-element-05db861 elementor-widget elementor-widget-heading\" data-id=\"05db861\" data-element_type=\"widget\" data-e-type=\"widget\" data-widget_type=\"heading.default\">\n\t\t\t\t<div class=\"elementor-widget-container\">\n\t\t\t\t\t<h2 class=\"elementor-heading-title elementor-size-xl\">Le Diagnostic de Performance Energ\u00e9tique<\/h2>\t\t\t\t<\/div>\n\t\t\t\t<\/div>\n\t\t\t\t<section class=\"elementor-section elementor-inner-section elementor-element elementor-element-011fbc2 elementor-section-boxed elementor-section-height-default elementor-section-height-default\" data-id=\"011fbc2\" data-element_type=\"section\" data-e-type=\"section\">\n\t\t\t\t\t\t<div class=\"elementor-container elementor-column-gap-default\">\n\t\t\t\t\t<div class=\"elementor-column elementor-col-50 elementor-inner-column elementor-element elementor-element-b059d86\" data-id=\"b059d86\" data-element_type=\"column\" data-e-type=\"column\">\n\t\t\t<div class=\"elementor-widget-wrap elementor-element-populated\">\n\t\t\t\t\t\t<div class=\"elementor-element elementor-element-3b448da elementor-widget elementor-widget-image\" data-id=\"3b448da\" data-element_type=\"widget\" data-e-type=\"widget\" data-widget_type=\"image.default\">\n\t\t\t\t<div class=\"elementor-widget-container\">\n\t\t\t\t\t\t\t\t\t\t\t\t\t\t\t\t<a href=\"https:\/\/www.ecologie.gouv.fr\/diagnostic-performance-energetique-dpe\" target=\"_blank\">\n\t\t\t\t\t\t\t<img fetchpriority=\"high\" decoding=\"async\" width=\"525\" height=\"317\" src=\"https:\/\/maison-proprietaires-chamrousse.com\/wp-content\/uploads\/2023\/04\/DPE_web-1024x619.jpeg\" class=\"attachment-large size-large wp-image-2376\" alt=\"\" srcset=\"https:\/\/maison-proprietaires-chamrousse.com\/wp-content\/uploads\/2023\/04\/DPE_web-1024x619.jpeg 1024w, https:\/\/maison-proprietaires-chamrousse.com\/wp-content\/uploads\/2023\/04\/DPE_web-300x181.jpeg 300w, https:\/\/maison-proprietaires-chamrousse.com\/wp-content\/uploads\/2023\/04\/DPE_web-768x464.jpeg 768w, https:\/\/maison-proprietaires-chamrousse.com\/wp-content\/uploads\/2023\/04\/DPE_web-1536x929.jpeg 1536w, https:\/\/maison-proprietaires-chamrousse.com\/wp-content\/uploads\/2023\/04\/DPE_web.jpeg 1920w\" sizes=\"100vw\" \/>\t\t\t\t\t\t\t\t<\/a>\n\t\t\t\t\t\t\t\t\t\t\t\t\t\t\t<\/div>\n\t\t\t\t<\/div>\n\t\t\t\t\t<\/div>\n\t\t<\/div>\n\t\t\t\t<div class=\"elementor-column elementor-col-50 elementor-inner-column elementor-element elementor-element-f86b356\" data-id=\"f86b356\" data-element_type=\"column\" data-e-type=\"column\">\n\t\t\t<div class=\"elementor-widget-wrap elementor-element-populated\">\n\t\t\t\t\t\t<div class=\"elementor-element elementor-element-daddda0 elementor-widget elementor-widget-text-editor\" data-id=\"daddda0\" data-element_type=\"widget\" data-e-type=\"widget\" data-widget_type=\"text-editor.default\">\n\t\t\t\t<div class=\"elementor-widget-container\">\n\t\t\t\t\t\t\t\t\t<p><strong>Le diagnostic de performance \u00e9nerg\u00e9tique (DPE) est un document qui permet d\u2019estimer la consommation d\u2019\u00e9nergie et les taux d\u2019\u00e9mission de gaz \u00e0 effet de serre.<\/strong> Il est r\u00e9alis\u00e9 \u00e0 l&rsquo;\u00e9chelle des b\u00e2timents d&rsquo;habitation (maison individuelle, appartement, immeuble collectif. Il ne concerne que la France m\u00e9tropolitaine.<br \/>A l&rsquo;\u00e9chelle du logement, ce document doit \u00eatre int\u00e9gr\u00e9 au dossier de diagnostic technique (DDT) et doit \u00eatre remis, en cas de vente ou de location annuelle, au futur acqu\u00e9reur ou au futur locataire. <strong>Il indique l\u2019estimation de consommation \u00e9nerg\u00e9tique du logement \u00e0 travers des \u00e9tiquettes \u00e9nergies et des <\/strong><br \/><strong>pr\u00e9conisations.<\/strong><\/p><p><strong>Le \u00ab\u00a0DPE logement\u00a0\u00bb a fait l&rsquo;objet d&rsquo;une refonte qui le rend plus fiable, plus lisible, et permet de mieux tenir compte des enjeux climatiques. Cette nouvelle version du DPE est entr\u00e9e en vigueur le 1er juillet 2021.<\/strong><\/p>\t\t\t\t\t\t\t\t<\/div>\n\t\t\t\t<\/div>\n\t\t\t\t\t<\/div>\n\t\t<\/div>\n\t\t\t\t\t<\/div>\n\t\t<\/section>\n\t\t\t\t\t<\/div>\n\t\t<\/div>\n\t\t\t\t\t<\/div>\n\t\t<\/section>\n\t\t\t\t<section class=\"elementor-section elementor-top-section elementor-element elementor-element-18862a6 elementor-section-boxed elementor-section-height-default elementor-section-height-default\" data-id=\"18862a6\" data-element_type=\"section\" data-e-type=\"section\">\n\t\t\t\t\t\t<div class=\"elementor-container elementor-column-gap-default\">\n\t\t\t\t\t<div class=\"elementor-column elementor-col-100 elementor-top-column elementor-element elementor-element-7156dd5\" data-id=\"7156dd5\" data-element_type=\"column\" data-e-type=\"column\">\n\t\t\t<div class=\"elementor-widget-wrap elementor-element-populated\">\n\t\t\t\t\t\t<div class=\"elementor-element elementor-element-4f568e6 elementor-widget elementor-widget-text-editor\" data-id=\"4f568e6\" data-element_type=\"widget\" data-e-type=\"widget\" data-widget_type=\"text-editor.default\">\n\t\t\t\t<div class=\"elementor-widget-container\">\n\t\t\t\t\t\t\t\t\t<p>Plus d&rsquo;informations sur le <a href=\"https:\/\/www.ecologie.gouv.fr\/diagnostic-performance-energetique-dpe\" target=\"_blank\" rel=\"noopener\"><span style=\"text-decoration: underline;\">site officiel du service public<\/span><\/a>.<\/p>\t\t\t\t\t\t\t\t<\/div>\n\t\t\t\t<\/div>\n\t\t\t\t\t<\/div>\n\t\t<\/div>\n\t\t\t\t\t<\/div>\n\t\t<\/section>\n\t\t\t\t<\/div>\n\t\t","protected":false},"excerpt":{"rendered":"<p>Le Diagnostic de Performance Energ\u00e9tique Le diagnostic de performance \u00e9nerg\u00e9tique (DPE) est un document qui permet d\u2019estimer la consommation d\u2019\u00e9nergie et les taux d\u2019\u00e9mission de gaz \u00e0 effet de serre. Il est r\u00e9alis\u00e9 \u00e0 l&rsquo;\u00e9chelle des b\u00e2timents d&rsquo;habitation (maison individuelle, appartement, immeuble collectif. Il ne concerne que la France m\u00e9tropolitaine.A l&rsquo;\u00e9chelle du logement, ce document &hellip; <\/p>\n<p class=\"link-more\"><a href=\"https:\/\/maison-proprietaires-chamrousse.com\/index.php\/maison-proprietaires-chamrousse\/je-renove-ou-souhaite-renover-mon-bien\/renovation-energetique-cadre-legislatif-et-reglementaire\/le-diagnostic-de-performance-energetique-dpe\/\" class=\"more-link\">Continuer la lecture<span class=\"screen-reader-text\"> de &laquo;&nbsp;Le Diagnostic de Performance Energ\u00e9tique (DPE)&nbsp;&raquo;<\/span><\/a><\/p>\n","protected":false},"author":1,"featured_media":0,"parent":723,"menu_order":3,"comment_status":"closed","ping_status":"closed","template":"elementor_header_footer","meta":{"_monsterinsights_skip_tracking":false,"_monsterinsights_sitenote_active":false,"_monsterinsights_sitenote_note":"","_monsterinsights_sitenote_category":0,"footnotes":""},"class_list":["post-3330","page","type-page","status-publish","hentry"],"yoast_head":"<!-- This site is optimized with the Yoast SEO plugin v27.5 - https:\/\/yoast.com\/product\/yoast-seo-wordpress\/ -->\n<title>Le Diagnostic de Performance Energ\u00e9tique (DPE) - Maison des Propri\u00e9taires<\/title>\n<meta name=\"description\" content=\"Nouvelle m\u00e9thode de calcul 3CL du Diagnostic de Performance Energ\u00e9tique (DPE) en application depuis Juillet 2021\" \/>\n<meta name=\"robots\" content=\"index, follow, max-snippet:-1, max-image-preview:large, max-video-preview:-1\" \/>\n<link rel=\"canonical\" href=\"https:\/\/maison-proprietaires-chamrousse.com\/index.php\/maison-proprietaires-chamrousse\/je-renove-ou-souhaite-renover-mon-bien\/renovation-energetique-cadre-legislatif-et-reglementaire\/le-diagnostic-de-performance-energetique-dpe\/\" \/>\n<meta property=\"og:locale\" content=\"fr_FR\" \/>\n<meta property=\"og:type\" content=\"article\" \/>\n<meta property=\"og:title\" content=\"Le Diagnostic de Performance Energ\u00e9tique (DPE) - Maison des Propri\u00e9taires\" \/>\n<meta property=\"og:description\" content=\"Nouvelle m\u00e9thode de calcul 3CL du Diagnostic de Performance Energ\u00e9tique (DPE) en application depuis Juillet 2021\" \/>\n<meta property=\"og:url\" content=\"https:\/\/maison-proprietaires-chamrousse.com\/index.php\/maison-proprietaires-chamrousse\/je-renove-ou-souhaite-renover-mon-bien\/renovation-energetique-cadre-legislatif-et-reglementaire\/le-diagnostic-de-performance-energetique-dpe\/\" \/>\n<meta property=\"og:site_name\" content=\"Maison des Propri\u00e9taires\" \/>\n<meta property=\"article:modified_time\" content=\"2023-07-31T14:45:50+00:00\" \/>\n<meta property=\"og:image\" content=\"http:\/\/maison-proprietaires-chamrousse.com\/wp-content\/uploads\/2023\/04\/DPE_web-1024x619.jpeg\" \/>\n<meta name=\"twitter:card\" content=\"summary_large_image\" \/>\n<meta name=\"twitter:label1\" content=\"Dur\u00e9e de lecture estim\u00e9e\" \/>\n\t<meta name=\"twitter:data1\" content=\"1 minute\" \/>\n<script type=\"application\/ld+json\" class=\"yoast-schema-graph\">{\"@context\":\"https:\\\/\\\/schema.org\",\"@graph\":[{\"@type\":\"WebPage\",\"@id\":\"https:\\\/\\\/maison-proprietaires-chamrousse.com\\\/index.php\\\/maison-proprietaires-chamrousse\\\/je-renove-ou-souhaite-renover-mon-bien\\\/renovation-energetique-cadre-legislatif-et-reglementaire\\\/le-diagnostic-de-performance-energetique-dpe\\\/\",\"url\":\"https:\\\/\\\/maison-proprietaires-chamrousse.com\\\/index.php\\\/maison-proprietaires-chamrousse\\\/je-renove-ou-souhaite-renover-mon-bien\\\/renovation-energetique-cadre-legislatif-et-reglementaire\\\/le-diagnostic-de-performance-energetique-dpe\\\/\",\"name\":\"Le Diagnostic de Performance Energ\u00e9tique (DPE) - Maison des Propri\u00e9taires\",\"isPartOf\":{\"@id\":\"https:\\\/\\\/maison-proprietaires-chamrousse.com\\\/#website\"},\"primaryImageOfPage\":{\"@id\":\"https:\\\/\\\/maison-proprietaires-chamrousse.com\\\/index.php\\\/maison-proprietaires-chamrousse\\\/je-renove-ou-souhaite-renover-mon-bien\\\/renovation-energetique-cadre-legislatif-et-reglementaire\\\/le-diagnostic-de-performance-energetique-dpe\\\/#primaryimage\"},\"image\":{\"@id\":\"https:\\\/\\\/maison-proprietaires-chamrousse.com\\\/index.php\\\/maison-proprietaires-chamrousse\\\/je-renove-ou-souhaite-renover-mon-bien\\\/renovation-energetique-cadre-legislatif-et-reglementaire\\\/le-diagnostic-de-performance-energetique-dpe\\\/#primaryimage\"},\"thumbnailUrl\":\"http:\\\/\\\/maison-proprietaires-chamrousse.com\\\/wp-content\\\/uploads\\\/2023\\\/04\\\/DPE_web-1024x619.jpeg\",\"datePublished\":\"2023-07-10T14:28:12+00:00\",\"dateModified\":\"2023-07-31T14:45:50+00:00\",\"description\":\"Nouvelle m\u00e9thode de calcul 3CL du Diagnostic de Performance Energ\u00e9tique (DPE) en application depuis Juillet 2021\",\"breadcrumb\":{\"@id\":\"https:\\\/\\\/maison-proprietaires-chamrousse.com\\\/index.php\\\/maison-proprietaires-chamrousse\\\/je-renove-ou-souhaite-renover-mon-bien\\\/renovation-energetique-cadre-legislatif-et-reglementaire\\\/le-diagnostic-de-performance-energetique-dpe\\\/#breadcrumb\"},\"inLanguage\":\"fr-FR\",\"potentialAction\":[{\"@type\":\"ReadAction\",\"target\":[\"https:\\\/\\\/maison-proprietaires-chamrousse.com\\\/index.php\\\/maison-proprietaires-chamrousse\\\/je-renove-ou-souhaite-renover-mon-bien\\\/renovation-energetique-cadre-legislatif-et-reglementaire\\\/le-diagnostic-de-performance-energetique-dpe\\\/\"]}]},{\"@type\":\"ImageObject\",\"inLanguage\":\"fr-FR\",\"@id\":\"https:\\\/\\\/maison-proprietaires-chamrousse.com\\\/index.php\\\/maison-proprietaires-chamrousse\\\/je-renove-ou-souhaite-renover-mon-bien\\\/renovation-energetique-cadre-legislatif-et-reglementaire\\\/le-diagnostic-de-performance-energetique-dpe\\\/#primaryimage\",\"url\":\"http:\\\/\\\/maison-proprietaires-chamrousse.com\\\/wp-content\\\/uploads\\\/2023\\\/04\\\/DPE_web-1024x619.jpeg\",\"contentUrl\":\"http:\\\/\\\/maison-proprietaires-chamrousse.com\\\/wp-content\\\/uploads\\\/2023\\\/04\\\/DPE_web-1024x619.jpeg\"},{\"@type\":\"BreadcrumbList\",\"@id\":\"https:\\\/\\\/maison-proprietaires-chamrousse.com\\\/index.php\\\/maison-proprietaires-chamrousse\\\/je-renove-ou-souhaite-renover-mon-bien\\\/renovation-energetique-cadre-legislatif-et-reglementaire\\\/le-diagnostic-de-performance-energetique-dpe\\\/#breadcrumb\",\"itemListElement\":[{\"@type\":\"ListItem\",\"position\":1,\"name\":\"Accueil\",\"item\":\"https:\\\/\\\/maison-proprietaires-chamrousse.com\\\/\"},{\"@type\":\"ListItem\",\"position\":2,\"name\":\"Maison des propri\u00e9taires\",\"item\":\"https:\\\/\\\/maison-proprietaires-chamrousse.com\\\/\"},{\"@type\":\"ListItem\",\"position\":3,\"name\":\"Je r\u00e9nove ou souhaite r\u00e9nover mon bien\",\"item\":\"https:\\\/\\\/maison-proprietaires-chamrousse.com\\\/index.php\\\/maison-proprietaires-chamrousse\\\/je-renove-ou-souhaite-renover-mon-bien\\\/\"},{\"@type\":\"ListItem\",\"position\":4,\"name\":\"R\u00e9novation \u00e9nerg\u00e9tique : cadre l\u00e9gislatif et r\u00e8glementaire\",\"item\":\"https:\\\/\\\/maison-proprietaires-chamrousse.com\\\/index.php\\\/maison-proprietaires-chamrousse\\\/je-renove-ou-souhaite-renover-mon-bien\\\/renovation-energetique-cadre-legislatif-et-reglementaire\\\/\"},{\"@type\":\"ListItem\",\"position\":5,\"name\":\"Le Diagnostic de Performance Energ\u00e9tique (DPE)\"}]},{\"@type\":\"WebSite\",\"@id\":\"https:\\\/\\\/maison-proprietaires-chamrousse.com\\\/#website\",\"url\":\"https:\\\/\\\/maison-proprietaires-chamrousse.com\\\/\",\"name\":\"Maison des Propri\u00e9taires\",\"description\":\"Informations, conseils, actualit\u00e9s\",\"publisher\":{\"@id\":\"https:\\\/\\\/maison-proprietaires-chamrousse.com\\\/#organization\"},\"potentialAction\":[{\"@type\":\"SearchAction\",\"target\":{\"@type\":\"EntryPoint\",\"urlTemplate\":\"https:\\\/\\\/maison-proprietaires-chamrousse.com\\\/?s={search_term_string}\"},\"query-input\":{\"@type\":\"PropertyValueSpecification\",\"valueRequired\":true,\"valueName\":\"search_term_string\"}}],\"inLanguage\":\"fr-FR\"},{\"@type\":\"Organization\",\"@id\":\"https:\\\/\\\/maison-proprietaires-chamrousse.com\\\/#organization\",\"name\":\"Maison des Propri\u00e9taires\",\"url\":\"https:\\\/\\\/maison-proprietaires-chamrousse.com\\\/\",\"logo\":{\"@type\":\"ImageObject\",\"inLanguage\":\"fr-FR\",\"@id\":\"https:\\\/\\\/maison-proprietaires-chamrousse.com\\\/#\\\/schema\\\/logo\\\/image\\\/\",\"url\":\"https:\\\/\\\/maison-proprietaires-chamrousse.com\\\/wp-content\\\/uploads\\\/2023\\\/01\\\/cropped-LOGO_CHAMROUSSE_noir_web.png\",\"contentUrl\":\"https:\\\/\\\/maison-proprietaires-chamrousse.com\\\/wp-content\\\/uploads\\\/2023\\\/01\\\/cropped-LOGO_CHAMROUSSE_noir_web.png\",\"width\":1218,\"height\":250,\"caption\":\"Maison des Propri\u00e9taires\"},\"image\":{\"@id\":\"https:\\\/\\\/maison-proprietaires-chamrousse.com\\\/#\\\/schema\\\/logo\\\/image\\\/\"}}]}<\/script>\n<!-- \/ Yoast SEO plugin. -->","yoast_head_json":{"title":"Le Diagnostic de Performance Energ\u00e9tique (DPE) - Maison des Propri\u00e9taires","description":"Nouvelle m\u00e9thode de calcul 3CL du Diagnostic de Performance Energ\u00e9tique (DPE) en application depuis Juillet 2021","robots":{"index":"index","follow":"follow","max-snippet":"max-snippet:-1","max-image-preview":"max-image-preview:large","max-video-preview":"max-video-preview:-1"},"canonical":"https:\/\/maison-proprietaires-chamrousse.com\/index.php\/maison-proprietaires-chamrousse\/je-renove-ou-souhaite-renover-mon-bien\/renovation-energetique-cadre-legislatif-et-reglementaire\/le-diagnostic-de-performance-energetique-dpe\/","og_locale":"fr_FR","og_type":"article","og_title":"Le Diagnostic de Performance Energ\u00e9tique (DPE) - Maison des Propri\u00e9taires","og_description":"Nouvelle m\u00e9thode de calcul 3CL du Diagnostic de Performance Energ\u00e9tique (DPE) en application depuis Juillet 2021","og_url":"https:\/\/maison-proprietaires-chamrousse.com\/index.php\/maison-proprietaires-chamrousse\/je-renove-ou-souhaite-renover-mon-bien\/renovation-energetique-cadre-legislatif-et-reglementaire\/le-diagnostic-de-performance-energetique-dpe\/","og_site_name":"Maison des Propri\u00e9taires","article_modified_time":"2023-07-31T14:45:50+00:00","og_image":[{"url":"http:\/\/maison-proprietaires-chamrousse.com\/wp-content\/uploads\/2023\/04\/DPE_web-1024x619.jpeg","type":"","width":"","height":""}],"twitter_card":"summary_large_image","twitter_misc":{"Dur\u00e9e de lecture estim\u00e9e":"1 minute"},"schema":{"@context":"https:\/\/schema.org","@graph":[{"@type":"WebPage","@id":"https:\/\/maison-proprietaires-chamrousse.com\/index.php\/maison-proprietaires-chamrousse\/je-renove-ou-souhaite-renover-mon-bien\/renovation-energetique-cadre-legislatif-et-reglementaire\/le-diagnostic-de-performance-energetique-dpe\/","url":"https:\/\/maison-proprietaires-chamrousse.com\/index.php\/maison-proprietaires-chamrousse\/je-renove-ou-souhaite-renover-mon-bien\/renovation-energetique-cadre-legislatif-et-reglementaire\/le-diagnostic-de-performance-energetique-dpe\/","name":"Le Diagnostic de Performance Energ\u00e9tique (DPE) - Maison des Propri\u00e9taires","isPartOf":{"@id":"https:\/\/maison-proprietaires-chamrousse.com\/#website"},"primaryImageOfPage":{"@id":"https:\/\/maison-proprietaires-chamrousse.com\/index.php\/maison-proprietaires-chamrousse\/je-renove-ou-souhaite-renover-mon-bien\/renovation-energetique-cadre-legislatif-et-reglementaire\/le-diagnostic-de-performance-energetique-dpe\/#primaryimage"},"image":{"@id":"https:\/\/maison-proprietaires-chamrousse.com\/index.php\/maison-proprietaires-chamrousse\/je-renove-ou-souhaite-renover-mon-bien\/renovation-energetique-cadre-legislatif-et-reglementaire\/le-diagnostic-de-performance-energetique-dpe\/#primaryimage"},"thumbnailUrl":"http:\/\/maison-proprietaires-chamrousse.com\/wp-content\/uploads\/2023\/04\/DPE_web-1024x619.jpeg","datePublished":"2023-07-10T14:28:12+00:00","dateModified":"2023-07-31T14:45:50+00:00","description":"Nouvelle m\u00e9thode de calcul 3CL du Diagnostic de Performance Energ\u00e9tique (DPE) en application depuis Juillet 2021","breadcrumb":{"@id":"https:\/\/maison-proprietaires-chamrousse.com\/index.php\/maison-proprietaires-chamrousse\/je-renove-ou-souhaite-renover-mon-bien\/renovation-energetique-cadre-legislatif-et-reglementaire\/le-diagnostic-de-performance-energetique-dpe\/#breadcrumb"},"inLanguage":"fr-FR","potentialAction":[{"@type":"ReadAction","target":["https:\/\/maison-proprietaires-chamrousse.com\/index.php\/maison-proprietaires-chamrousse\/je-renove-ou-souhaite-renover-mon-bien\/renovation-energetique-cadre-legislatif-et-reglementaire\/le-diagnostic-de-performance-energetique-dpe\/"]}]},{"@type":"ImageObject","inLanguage":"fr-FR","@id":"https:\/\/maison-proprietaires-chamrousse.com\/index.php\/maison-proprietaires-chamrousse\/je-renove-ou-souhaite-renover-mon-bien\/renovation-energetique-cadre-legislatif-et-reglementaire\/le-diagnostic-de-performance-energetique-dpe\/#primaryimage","url":"http:\/\/maison-proprietaires-chamrousse.com\/wp-content\/uploads\/2023\/04\/DPE_web-1024x619.jpeg","contentUrl":"http:\/\/maison-proprietaires-chamrousse.com\/wp-content\/uploads\/2023\/04\/DPE_web-1024x619.jpeg"},{"@type":"BreadcrumbList","@id":"https:\/\/maison-proprietaires-chamrousse.com\/index.php\/maison-proprietaires-chamrousse\/je-renove-ou-souhaite-renover-mon-bien\/renovation-energetique-cadre-legislatif-et-reglementaire\/le-diagnostic-de-performance-energetique-dpe\/#breadcrumb","itemListElement":[{"@type":"ListItem","position":1,"name":"Accueil","item":"https:\/\/maison-proprietaires-chamrousse.com\/"},{"@type":"ListItem","position":2,"name":"Maison des propri\u00e9taires","item":"https:\/\/maison-proprietaires-chamrousse.com\/"},{"@type":"ListItem","position":3,"name":"Je r\u00e9nove ou souhaite r\u00e9nover mon bien","item":"https:\/\/maison-proprietaires-chamrousse.com\/index.php\/maison-proprietaires-chamrousse\/je-renove-ou-souhaite-renover-mon-bien\/"},{"@type":"ListItem","position":4,"name":"R\u00e9novation \u00e9nerg\u00e9tique : cadre l\u00e9gislatif et r\u00e8glementaire","item":"https:\/\/maison-proprietaires-chamrousse.com\/index.php\/maison-proprietaires-chamrousse\/je-renove-ou-souhaite-renover-mon-bien\/renovation-energetique-cadre-legislatif-et-reglementaire\/"},{"@type":"ListItem","position":5,"name":"Le Diagnostic de Performance Energ\u00e9tique (DPE)"}]},{"@type":"WebSite","@id":"https:\/\/maison-proprietaires-chamrousse.com\/#website","url":"https:\/\/maison-proprietaires-chamrousse.com\/","name":"Maison des Propri\u00e9taires","description":"Informations, conseils, actualit\u00e9s","publisher":{"@id":"https:\/\/maison-proprietaires-chamrousse.com\/#organization"},"potentialAction":[{"@type":"SearchAction","target":{"@type":"EntryPoint","urlTemplate":"https:\/\/maison-proprietaires-chamrousse.com\/?s={search_term_string}"},"query-input":{"@type":"PropertyValueSpecification","valueRequired":true,"valueName":"search_term_string"}}],"inLanguage":"fr-FR"},{"@type":"Organization","@id":"https:\/\/maison-proprietaires-chamrousse.com\/#organization","name":"Maison des Propri\u00e9taires","url":"https:\/\/maison-proprietaires-chamrousse.com\/","logo":{"@type":"ImageObject","inLanguage":"fr-FR","@id":"https:\/\/maison-proprietaires-chamrousse.com\/#\/schema\/logo\/image\/","url":"https:\/\/maison-proprietaires-chamrousse.com\/wp-content\/uploads\/2023\/01\/cropped-LOGO_CHAMROUSSE_noir_web.png","contentUrl":"https:\/\/maison-proprietaires-chamrousse.com\/wp-content\/uploads\/2023\/01\/cropped-LOGO_CHAMROUSSE_noir_web.png","width":1218,"height":250,"caption":"Maison des Propri\u00e9taires"},"image":{"@id":"https:\/\/maison-proprietaires-chamrousse.com\/#\/schema\/logo\/image\/"}}]}},"_links":{"self":[{"href":"https:\/\/maison-proprietaires-chamrousse.com\/index.php\/wp-json\/wp\/v2\/pages\/3330","targetHints":{"allow":["GET"]}}],"collection":[{"href":"https:\/\/maison-proprietaires-chamrousse.com\/index.php\/wp-json\/wp\/v2\/pages"}],"about":[{"href":"https:\/\/maison-proprietaires-chamrousse.com\/index.php\/wp-json\/wp\/v2\/types\/page"}],"author":[{"embeddable":true,"href":"https:\/\/maison-proprietaires-chamrousse.com\/index.php\/wp-json\/wp\/v2\/users\/1"}],"replies":[{"embeddable":true,"href":"https:\/\/maison-proprietaires-chamrousse.com\/index.php\/wp-json\/wp\/v2\/comments?post=3330"}],"version-history":[{"count":20,"href":"https:\/\/maison-proprietaires-chamrousse.com\/index.php\/wp-json\/wp\/v2\/pages\/3330\/revisions"}],"predecessor-version":[{"id":4426,"href":"https:\/\/maison-proprietaires-chamrousse.com\/index.php\/wp-json\/wp\/v2\/pages\/3330\/revisions\/4426"}],"up":[{"embeddable":true,"href":"https:\/\/maison-proprietaires-chamrousse.com\/index.php\/wp-json\/wp\/v2\/pages\/723"}],"wp:attachment":[{"href":"https:\/\/maison-proprietaires-chamrousse.com\/index.php\/wp-json\/wp\/v2\/media?parent=3330"}],"curies":[{"name":"wp","href":"https:\/\/api.w.org\/{rel}","templated":true}]}}