{"id":3927,"date":"2023-07-26T12:40:03","date_gmt":"2023-07-26T10:40:03","guid":{"rendered":"https:\/\/maison-proprietaires-chamrousse.com\/?page_id=3927"},"modified":"2023-08-02T15:06:31","modified_gmt":"2023-08-02T13:06:31","slug":"biblio-renovation","status":"publish","type":"page","link":"https:\/\/maison-proprietaires-chamrousse.com\/index.php\/maison-proprietaires-chamrousse\/la-biblio-du-proprio\/biblio-renovation\/","title":{"rendered":"Copropri\u00e9t\u00e9s"},"content":{"rendered":"\t\t<div data-elementor-type=\"wp-page\" data-elementor-id=\"3927\" class=\"elementor elementor-3927\">\n\t\t\t\t\t\t<section class=\"elementor-section elementor-top-section elementor-element elementor-element-4eabb86 elementor-section-boxed elementor-section-height-default elementor-section-height-default\" data-id=\"4eabb86\" data-element_type=\"section\" data-e-type=\"section\">\n\t\t\t\t\t\t<div class=\"elementor-container elementor-column-gap-default\">\n\t\t\t\t\t<div class=\"elementor-column elementor-col-100 elementor-top-column elementor-element elementor-element-2bf39db\" data-id=\"2bf39db\" data-element_type=\"column\" data-e-type=\"column\">\n\t\t\t<div class=\"elementor-widget-wrap elementor-element-populated\">\n\t\t\t\t\t\t<div class=\"elementor-element elementor-element-9352bd1 elementor-widget elementor-widget-heading\" data-id=\"9352bd1\" data-element_type=\"widget\" data-e-type=\"widget\" data-widget_type=\"heading.default\">\n\t\t\t\t<div class=\"elementor-widget-container\">\n\t\t\t\t\t<h2 class=\"elementor-heading-title elementor-size-xl\">Copropri\u00e9t\u00e9s<\/h2>\t\t\t\t<\/div>\n\t\t\t\t<\/div>\n\t\t\t\t\t<\/div>\n\t\t<\/div>\n\t\t\t\t\t<\/div>\n\t\t<\/section>\n\t\t\t\t<section class=\"elementor-section elementor-top-section elementor-element elementor-element-4b03761 elementor-section-boxed elementor-section-height-default elementor-section-height-default\" data-id=\"4b03761\" data-element_type=\"section\" data-e-type=\"section\">\n\t\t\t\t\t\t<div class=\"elementor-container elementor-column-gap-default\">\n\t\t\t\t\t<div class=\"elementor-column elementor-col-100 elementor-top-column elementor-element elementor-element-ce77ef4\" data-id=\"ce77ef4\" data-element_type=\"column\" data-e-type=\"column\">\n\t\t\t<div class=\"elementor-widget-wrap elementor-element-populated\">\n\t\t\t\t\t\t<div class=\"elementor-element elementor-element-94f6337 elementor-widget elementor-widget-text-editor\" data-id=\"94f6337\" data-element_type=\"widget\" data-e-type=\"widget\" data-widget_type=\"text-editor.default\">\n\t\t\t\t<div class=\"elementor-widget-container\">\n\t\t\t\t\t\t\t\t\t<p><span style=\"text-decoration: underline;\"><b><a href=\"https:\/\/www.anah.fr\/fileadmin\/anah\/Mediatheque\/Publications\/Les_guides_pratiques\/Guide-du-syndic-benevole_web.pdf\" target=\"_blank\" rel=\"noopener\">Le guide de l\u2019ANAH <\/a><\/b><\/span><b><span style=\"text-decoration: underline;\">\u00e0 destination des syndics b\u00e9n\u00e9voles<\/span> <\/b>: des explications pratiques et p\u00e9dagogiques sur le fonctionnement de la copropri\u00e9t\u00e9\u00a0<\/p><p>En vid\u00e9o : <a href=\"https:\/\/www.youtube.com\/@lechappeedescoproprietes5782\" target=\"_blank\" rel=\"noopener\"><b><span style=\"text-decoration: underline;\">L\u2019\u00e9chapp\u00e9e des Copropri\u00e9t\u00e9s<\/span> <\/b><\/a>sur Youtube : des initiatives inspirantes de copropri\u00e9t\u00e9s en France et en Europe.<\/p><p>Publication de l&rsquo;<strong>AGEDEN<\/strong> : <strong><span style=\"text-decoration: underline;\"><a href=\"https:\/\/www.ageden38.org\/coproprietes\/\" target=\"_blank\" rel=\"noopener\">Copropri\u00e9t\u00e9s : r\u00e9nover en Is\u00e8re<\/a><\/span><\/strong><\/p><p>Note r\u00e9capitulative de France Tourisme Ing\u00e9nierie sur <strong><span style=\"text-decoration: underline;\"><a href=\"file:\/\/\/C:\/Users\/marbr\/AppData\/Local\/Microsoft\/Windows\/INetCache\/Content.Outlook\/03TI64EZ\/Note%20r%C3%A9capitulative%20majorit%C3%A9s%20en%20copropri%C3%A9t%C3%A9.pdf\" target=\"_blank\" rel=\"noopener\">les majorit\u00e9s en copropri\u00e9t\u00e9 par type de d\u00e9cisions<\/a><\/span><\/strong> \u00a9AtoutFrance<\/p><p>Documentation de l&rsquo;<strong>ADIL<\/strong> : <strong><span style=\"text-decoration: underline;\"><a href=\"https:\/\/www.anil.org\/documentation-experte\/analyses-juridiques-jurisprudence\/analyses-juridiques\/analyses-juridiques-2012\/dpe-et-travaux-deconomies-denergie-en-copropriete\/#c74419\" target=\"_blank\" rel=\"noopener\">DPE et travaux d&rsquo;\u00e9conomies d&rsquo;\u00e9nergie en copropri\u00e9t\u00e9<\/a><\/span><\/strong><\/p>\t\t\t\t\t\t\t\t<\/div>\n\t\t\t\t<\/div>\n\t\t\t\t\t<\/div>\n\t\t<\/div>\n\t\t\t\t\t<\/div>\n\t\t<\/section>\n\t\t\t\t<\/div>\n\t\t","protected":false},"excerpt":{"rendered":"<p>Copropri\u00e9t\u00e9s Le guide de l\u2019ANAH \u00e0 destination des syndics b\u00e9n\u00e9voles : des explications pratiques et p\u00e9dagogiques sur le fonctionnement de la copropri\u00e9t\u00e9\u00a0 En vid\u00e9o : L\u2019\u00e9chapp\u00e9e des Copropri\u00e9t\u00e9s sur Youtube : des initiatives inspirantes de copropri\u00e9t\u00e9s en France et en Europe. Publication de l&rsquo;AGEDEN : Copropri\u00e9t\u00e9s : r\u00e9nover en Is\u00e8re Note r\u00e9capitulative de France Tourisme &hellip; <\/p>\n<p class=\"link-more\"><a href=\"https:\/\/maison-proprietaires-chamrousse.com\/index.php\/maison-proprietaires-chamrousse\/la-biblio-du-proprio\/biblio-renovation\/\" class=\"more-link\">Continuer la lecture<span class=\"screen-reader-text\"> de &laquo;&nbsp;Copropri\u00e9t\u00e9s&nbsp;&raquo;<\/span><\/a><\/p>\n","protected":false},"author":1,"featured_media":0,"parent":729,"menu_order":2,"comment_status":"closed","ping_status":"closed","template":"elementor_header_footer","meta":{"_monsterinsights_skip_tracking":false,"_monsterinsights_sitenote_active":false,"_monsterinsights_sitenote_note":"","_monsterinsights_sitenote_category":0,"footnotes":""},"class_list":["post-3927","page","type-page","status-publish","hentry"],"yoast_head":"<!-- This site is optimized with the Yoast SEO plugin v27.3 - https:\/\/yoast.com\/product\/yoast-seo-wordpress\/ -->\n<title>Copropri\u00e9t\u00e9s - Maison des Propri\u00e9taires<\/title>\n<meta name=\"robots\" content=\"index, follow, max-snippet:-1, max-image-preview:large, max-video-preview:-1\" \/>\n<link rel=\"canonical\" href=\"https:\/\/maison-proprietaires-chamrousse.com\/index.php\/maison-proprietaires-chamrousse\/la-biblio-du-proprio\/biblio-renovation\/\" \/>\n<meta property=\"og:locale\" content=\"fr_FR\" \/>\n<meta property=\"og:type\" content=\"article\" \/>\n<meta property=\"og:title\" content=\"Copropri\u00e9t\u00e9s - Maison des Propri\u00e9taires\" \/>\n<meta property=\"og:description\" content=\"Copropri\u00e9t\u00e9s Le guide de l\u2019ANAH \u00e0 destination des syndics b\u00e9n\u00e9voles : des explications pratiques et p\u00e9dagogiques sur le fonctionnement de la copropri\u00e9t\u00e9\u00a0 En vid\u00e9o : L\u2019\u00e9chapp\u00e9e des Copropri\u00e9t\u00e9s sur Youtube : des initiatives inspirantes de copropri\u00e9t\u00e9s en France et en Europe. Publication de l&rsquo;AGEDEN : Copropri\u00e9t\u00e9s : r\u00e9nover en Is\u00e8re Note r\u00e9capitulative de France Tourisme &hellip; Continuer la lecture de &laquo;&nbsp;Copropri\u00e9t\u00e9s&nbsp;&raquo;\" \/>\n<meta property=\"og:url\" content=\"https:\/\/maison-proprietaires-chamrousse.com\/index.php\/maison-proprietaires-chamrousse\/la-biblio-du-proprio\/biblio-renovation\/\" \/>\n<meta property=\"og:site_name\" content=\"Maison des Propri\u00e9taires\" \/>\n<meta property=\"article:modified_time\" content=\"2023-08-02T13:06:31+00:00\" \/>\n<meta name=\"twitter:card\" content=\"summary_large_image\" \/>\n<meta name=\"twitter:label1\" content=\"Dur\u00e9e de lecture estim\u00e9e\" \/>\n\t<meta name=\"twitter:data1\" content=\"1 minute\" \/>\n<script type=\"application\/ld+json\" class=\"yoast-schema-graph\">{\"@context\":\"https:\\\/\\\/schema.org\",\"@graph\":[{\"@type\":\"WebPage\",\"@id\":\"https:\\\/\\\/maison-proprietaires-chamrousse.com\\\/index.php\\\/maison-proprietaires-chamrousse\\\/la-biblio-du-proprio\\\/biblio-renovation\\\/\",\"url\":\"https:\\\/\\\/maison-proprietaires-chamrousse.com\\\/index.php\\\/maison-proprietaires-chamrousse\\\/la-biblio-du-proprio\\\/biblio-renovation\\\/\",\"name\":\"Copropri\u00e9t\u00e9s - Maison des Propri\u00e9taires\",\"isPartOf\":{\"@id\":\"https:\\\/\\\/maison-proprietaires-chamrousse.com\\\/#website\"},\"datePublished\":\"2023-07-26T10:40:03+00:00\",\"dateModified\":\"2023-08-02T13:06:31+00:00\",\"breadcrumb\":{\"@id\":\"https:\\\/\\\/maison-proprietaires-chamrousse.com\\\/index.php\\\/maison-proprietaires-chamrousse\\\/la-biblio-du-proprio\\\/biblio-renovation\\\/#breadcrumb\"},\"inLanguage\":\"fr-FR\",\"potentialAction\":[{\"@type\":\"ReadAction\",\"target\":[\"https:\\\/\\\/maison-proprietaires-chamrousse.com\\\/index.php\\\/maison-proprietaires-chamrousse\\\/la-biblio-du-proprio\\\/biblio-renovation\\\/\"]}]},{\"@type\":\"BreadcrumbList\",\"@id\":\"https:\\\/\\\/maison-proprietaires-chamrousse.com\\\/index.php\\\/maison-proprietaires-chamrousse\\\/la-biblio-du-proprio\\\/biblio-renovation\\\/#breadcrumb\",\"itemListElement\":[{\"@type\":\"ListItem\",\"position\":1,\"name\":\"Accueil\",\"item\":\"https:\\\/\\\/maison-proprietaires-chamrousse.com\\\/\"},{\"@type\":\"ListItem\",\"position\":2,\"name\":\"Maison des propri\u00e9taires\",\"item\":\"https:\\\/\\\/maison-proprietaires-chamrousse.com\\\/\"},{\"@type\":\"ListItem\",\"position\":3,\"name\":\"Biblio du proprio\",\"item\":\"https:\\\/\\\/maison-proprietaires-chamrousse.com\\\/index.php\\\/maison-proprietaires-chamrousse\\\/la-biblio-du-proprio\\\/\"},{\"@type\":\"ListItem\",\"position\":4,\"name\":\"Copropri\u00e9t\u00e9s\"}]},{\"@type\":\"WebSite\",\"@id\":\"https:\\\/\\\/maison-proprietaires-chamrousse.com\\\/#website\",\"url\":\"https:\\\/\\\/maison-proprietaires-chamrousse.com\\\/\",\"name\":\"Maison des Propri\u00e9taires\",\"description\":\"Informations, conseils, actualit\u00e9s\",\"publisher\":{\"@id\":\"https:\\\/\\\/maison-proprietaires-chamrousse.com\\\/#organization\"},\"potentialAction\":[{\"@type\":\"SearchAction\",\"target\":{\"@type\":\"EntryPoint\",\"urlTemplate\":\"https:\\\/\\\/maison-proprietaires-chamrousse.com\\\/?s={search_term_string}\"},\"query-input\":{\"@type\":\"PropertyValueSpecification\",\"valueRequired\":true,\"valueName\":\"search_term_string\"}}],\"inLanguage\":\"fr-FR\"},{\"@type\":\"Organization\",\"@id\":\"https:\\\/\\\/maison-proprietaires-chamrousse.com\\\/#organization\",\"name\":\"Maison des Propri\u00e9taires\",\"url\":\"https:\\\/\\\/maison-proprietaires-chamrousse.com\\\/\",\"logo\":{\"@type\":\"ImageObject\",\"inLanguage\":\"fr-FR\",\"@id\":\"https:\\\/\\\/maison-proprietaires-chamrousse.com\\\/#\\\/schema\\\/logo\\\/image\\\/\",\"url\":\"https:\\\/\\\/maison-proprietaires-chamrousse.com\\\/wp-content\\\/uploads\\\/2023\\\/01\\\/cropped-LOGO_CHAMROUSSE_noir_web.png\",\"contentUrl\":\"https:\\\/\\\/maison-proprietaires-chamrousse.com\\\/wp-content\\\/uploads\\\/2023\\\/01\\\/cropped-LOGO_CHAMROUSSE_noir_web.png\",\"width\":1218,\"height\":250,\"caption\":\"Maison des Propri\u00e9taires\"},\"image\":{\"@id\":\"https:\\\/\\\/maison-proprietaires-chamrousse.com\\\/#\\\/schema\\\/logo\\\/image\\\/\"}}]}<\/script>\n<!-- \/ Yoast SEO plugin. -->","yoast_head_json":{"title":"Copropri\u00e9t\u00e9s - Maison des Propri\u00e9taires","robots":{"index":"index","follow":"follow","max-snippet":"max-snippet:-1","max-image-preview":"max-image-preview:large","max-video-preview":"max-video-preview:-1"},"canonical":"https:\/\/maison-proprietaires-chamrousse.com\/index.php\/maison-proprietaires-chamrousse\/la-biblio-du-proprio\/biblio-renovation\/","og_locale":"fr_FR","og_type":"article","og_title":"Copropri\u00e9t\u00e9s - Maison des Propri\u00e9taires","og_description":"Copropri\u00e9t\u00e9s Le guide de l\u2019ANAH \u00e0 destination des syndics b\u00e9n\u00e9voles : des explications pratiques et p\u00e9dagogiques sur le fonctionnement de la copropri\u00e9t\u00e9\u00a0 En vid\u00e9o : L\u2019\u00e9chapp\u00e9e des Copropri\u00e9t\u00e9s sur Youtube : des initiatives inspirantes de copropri\u00e9t\u00e9s en France et en Europe. Publication de l&rsquo;AGEDEN : Copropri\u00e9t\u00e9s : r\u00e9nover en Is\u00e8re Note r\u00e9capitulative de France Tourisme &hellip; Continuer la lecture de &laquo;&nbsp;Copropri\u00e9t\u00e9s&nbsp;&raquo;","og_url":"https:\/\/maison-proprietaires-chamrousse.com\/index.php\/maison-proprietaires-chamrousse\/la-biblio-du-proprio\/biblio-renovation\/","og_site_name":"Maison des Propri\u00e9taires","article_modified_time":"2023-08-02T13:06:31+00:00","twitter_card":"summary_large_image","twitter_misc":{"Dur\u00e9e de lecture estim\u00e9e":"1 minute"},"schema":{"@context":"https:\/\/schema.org","@graph":[{"@type":"WebPage","@id":"https:\/\/maison-proprietaires-chamrousse.com\/index.php\/maison-proprietaires-chamrousse\/la-biblio-du-proprio\/biblio-renovation\/","url":"https:\/\/maison-proprietaires-chamrousse.com\/index.php\/maison-proprietaires-chamrousse\/la-biblio-du-proprio\/biblio-renovation\/","name":"Copropri\u00e9t\u00e9s - Maison des Propri\u00e9taires","isPartOf":{"@id":"https:\/\/maison-proprietaires-chamrousse.com\/#website"},"datePublished":"2023-07-26T10:40:03+00:00","dateModified":"2023-08-02T13:06:31+00:00","breadcrumb":{"@id":"https:\/\/maison-proprietaires-chamrousse.com\/index.php\/maison-proprietaires-chamrousse\/la-biblio-du-proprio\/biblio-renovation\/#breadcrumb"},"inLanguage":"fr-FR","potentialAction":[{"@type":"ReadAction","target":["https:\/\/maison-proprietaires-chamrousse.com\/index.php\/maison-proprietaires-chamrousse\/la-biblio-du-proprio\/biblio-renovation\/"]}]},{"@type":"BreadcrumbList","@id":"https:\/\/maison-proprietaires-chamrousse.com\/index.php\/maison-proprietaires-chamrousse\/la-biblio-du-proprio\/biblio-renovation\/#breadcrumb","itemListElement":[{"@type":"ListItem","position":1,"name":"Accueil","item":"https:\/\/maison-proprietaires-chamrousse.com\/"},{"@type":"ListItem","position":2,"name":"Maison des propri\u00e9taires","item":"https:\/\/maison-proprietaires-chamrousse.com\/"},{"@type":"ListItem","position":3,"name":"Biblio du proprio","item":"https:\/\/maison-proprietaires-chamrousse.com\/index.php\/maison-proprietaires-chamrousse\/la-biblio-du-proprio\/"},{"@type":"ListItem","position":4,"name":"Copropri\u00e9t\u00e9s"}]},{"@type":"WebSite","@id":"https:\/\/maison-proprietaires-chamrousse.com\/#website","url":"https:\/\/maison-proprietaires-chamrousse.com\/","name":"Maison des Propri\u00e9taires","description":"Informations, conseils, actualit\u00e9s","publisher":{"@id":"https:\/\/maison-proprietaires-chamrousse.com\/#organization"},"potentialAction":[{"@type":"SearchAction","target":{"@type":"EntryPoint","urlTemplate":"https:\/\/maison-proprietaires-chamrousse.com\/?s={search_term_string}"},"query-input":{"@type":"PropertyValueSpecification","valueRequired":true,"valueName":"search_term_string"}}],"inLanguage":"fr-FR"},{"@type":"Organization","@id":"https:\/\/maison-proprietaires-chamrousse.com\/#organization","name":"Maison des Propri\u00e9taires","url":"https:\/\/maison-proprietaires-chamrousse.com\/","logo":{"@type":"ImageObject","inLanguage":"fr-FR","@id":"https:\/\/maison-proprietaires-chamrousse.com\/#\/schema\/logo\/image\/","url":"https:\/\/maison-proprietaires-chamrousse.com\/wp-content\/uploads\/2023\/01\/cropped-LOGO_CHAMROUSSE_noir_web.png","contentUrl":"https:\/\/maison-proprietaires-chamrousse.com\/wp-content\/uploads\/2023\/01\/cropped-LOGO_CHAMROUSSE_noir_web.png","width":1218,"height":250,"caption":"Maison des Propri\u00e9taires"},"image":{"@id":"https:\/\/maison-proprietaires-chamrousse.com\/#\/schema\/logo\/image\/"}}]}},"_links":{"self":[{"href":"https:\/\/maison-proprietaires-chamrousse.com\/index.php\/wp-json\/wp\/v2\/pages\/3927","targetHints":{"allow":["GET"]}}],"collection":[{"href":"https:\/\/maison-proprietaires-chamrousse.com\/index.php\/wp-json\/wp\/v2\/pages"}],"about":[{"href":"https:\/\/maison-proprietaires-chamrousse.com\/index.php\/wp-json\/wp\/v2\/types\/page"}],"author":[{"embeddable":true,"href":"https:\/\/maison-proprietaires-chamrousse.com\/index.php\/wp-json\/wp\/v2\/users\/1"}],"replies":[{"embeddable":true,"href":"https:\/\/maison-proprietaires-chamrousse.com\/index.php\/wp-json\/wp\/v2\/comments?post=3927"}],"version-history":[{"count":24,"href":"https:\/\/maison-proprietaires-chamrousse.com\/index.php\/wp-json\/wp\/v2\/pages\/3927\/revisions"}],"predecessor-version":[{"id":4770,"href":"https:\/\/maison-proprietaires-chamrousse.com\/index.php\/wp-json\/wp\/v2\/pages\/3927\/revisions\/4770"}],"up":[{"embeddable":true,"href":"https:\/\/maison-proprietaires-chamrousse.com\/index.php\/wp-json\/wp\/v2\/pages\/729"}],"wp:attachment":[{"href":"https:\/\/maison-proprietaires-chamrousse.com\/index.php\/wp-json\/wp\/v2\/media?parent=3927"}],"curies":[{"name":"wp","href":"https:\/\/api.w.org\/{rel}","templated":true}]}}