{"id":4464,"date":"2023-08-01T09:32:37","date_gmt":"2023-08-01T07:32:37","guid":{"rendered":"https:\/\/maison-proprietaires-chamrousse.com\/?page_id=4464"},"modified":"2023-08-01T10:27:29","modified_gmt":"2023-08-01T08:27:29","slug":"le-label-flocon-vert","status":"publish","type":"page","link":"https:\/\/maison-proprietaires-chamrousse.com\/index.php\/maison-proprietaires-chamrousse\/je-loue-ou-souhaite-louer-mon-appartement\/valoriser-mon-bien-labels-et-classements\/le-label-flocon-vert\/","title":{"rendered":"Le label Flocon Vert"},"content":{"rendered":"\t\t<div data-elementor-type=\"wp-page\" data-elementor-id=\"4464\" class=\"elementor elementor-4464\">\n\t\t\t\t\t\t<section class=\"elementor-section elementor-top-section elementor-element elementor-element-23e698f elementor-section-boxed elementor-section-height-default elementor-section-height-default\" data-id=\"23e698f\" data-element_type=\"section\" data-e-type=\"section\">\n\t\t\t\t\t\t<div class=\"elementor-container elementor-column-gap-default\">\n\t\t\t\t\t<div class=\"elementor-column elementor-col-100 elementor-top-column elementor-element elementor-element-da1c963\" data-id=\"da1c963\" data-element_type=\"column\" data-e-type=\"column\">\n\t\t\t<div class=\"elementor-widget-wrap elementor-element-populated\">\n\t\t\t\t\t\t<div class=\"elementor-element elementor-element-c93c950 elementor-widget elementor-widget-heading\" data-id=\"c93c950\" data-element_type=\"widget\" data-e-type=\"widget\" data-widget_type=\"heading.default\">\n\t\t\t\t<div class=\"elementor-widget-container\">\n\t\t\t\t\t<h2 class=\"elementor-heading-title elementor-size-xl\">Le label Flocon Vert<\/h2>\t\t\t\t<\/div>\n\t\t\t\t<\/div>\n\t\t\t\t\t<\/div>\n\t\t<\/div>\n\t\t\t\t\t<\/div>\n\t\t<\/section>\n\t\t\t\t<section class=\"elementor-section elementor-top-section elementor-element elementor-element-4249d88 elementor-section-boxed elementor-section-height-default elementor-section-height-default\" data-id=\"4249d88\" data-element_type=\"section\" data-e-type=\"section\">\n\t\t\t\t\t\t<div class=\"elementor-container elementor-column-gap-default\">\n\t\t\t\t\t<div class=\"elementor-column elementor-col-100 elementor-top-column elementor-element elementor-element-594fb15\" data-id=\"594fb15\" data-element_type=\"column\" data-e-type=\"column\">\n\t\t\t<div class=\"elementor-widget-wrap elementor-element-populated\">\n\t\t\t\t\t\t<div class=\"elementor-element elementor-element-b9349ac elementor-widget elementor-widget-image\" data-id=\"b9349ac\" data-element_type=\"widget\" data-e-type=\"widget\" data-widget_type=\"image.default\">\n\t\t\t\t<div class=\"elementor-widget-container\">\n\t\t\t\t\t\t\t\t\t\t\t\t\t\t\t\t<a href=\"https:\/\/www.chamrousse.com\/label-flocon-vert.html\" target=\"_blank\">\n\t\t\t\t\t\t\t<img fetchpriority=\"high\" decoding=\"async\" width=\"1920\" height=\"591\" src=\"https:\/\/maison-proprietaires-chamrousse.com\/wp-content\/uploads\/2023\/08\/Logo-acteurs-engages_web.png\" class=\"attachment-full size-full wp-image-4473\" alt=\"\" srcset=\"https:\/\/maison-proprietaires-chamrousse.com\/wp-content\/uploads\/2023\/08\/Logo-acteurs-engages_web.png 1920w, https:\/\/maison-proprietaires-chamrousse.com\/wp-content\/uploads\/2023\/08\/Logo-acteurs-engages_web-300x92.png 300w, https:\/\/maison-proprietaires-chamrousse.com\/wp-content\/uploads\/2023\/08\/Logo-acteurs-engages_web-1024x315.png 1024w, https:\/\/maison-proprietaires-chamrousse.com\/wp-content\/uploads\/2023\/08\/Logo-acteurs-engages_web-768x236.png 768w, https:\/\/maison-proprietaires-chamrousse.com\/wp-content\/uploads\/2023\/08\/Logo-acteurs-engages_web-1536x473.png 1536w\" sizes=\"100vw\" \/>\t\t\t\t\t\t\t\t<\/a>\n\t\t\t\t\t\t\t\t\t\t\t\t\t\t\t<\/div>\n\t\t\t\t<\/div>\n\t\t\t\t\t<\/div>\n\t\t<\/div>\n\t\t\t\t\t<\/div>\n\t\t<\/section>\n\t\t\t\t<section class=\"elementor-section elementor-top-section elementor-element elementor-element-66042e4 elementor-section-boxed elementor-section-height-default elementor-section-height-default\" data-id=\"66042e4\" data-element_type=\"section\" data-e-type=\"section\">\n\t\t\t\t\t\t<div class=\"elementor-container elementor-column-gap-default\">\n\t\t\t\t\t<div class=\"elementor-column elementor-col-100 elementor-top-column elementor-element elementor-element-d797205\" data-id=\"d797205\" data-element_type=\"column\" data-e-type=\"column\">\n\t\t\t<div class=\"elementor-widget-wrap elementor-element-populated\">\n\t\t\t\t\t\t<div class=\"elementor-element elementor-element-32a5aed elementor-widget elementor-widget-text-editor\" data-id=\"32a5aed\" data-element_type=\"widget\" data-e-type=\"widget\" data-widget_type=\"text-editor.default\">\n\t\t\t\t<div class=\"elementor-widget-container\">\n\t\t\t\t\t\t\t\t\t<p>La station de Chamrousse s\u2019est engag\u00e9e dans une d\u00e9marche de d\u00e9veloppement durable ave<b>c l\u2019obtention en 2017 du <a href=\"https:\/\/www.chamrousse.com\/label-flocon-vert.html\" target=\"_blank\" rel=\"noopener\"><span style=\"text-decoration: underline;\">label Flocon Vert<\/span><\/a> et cherche \u00e0 engager plus sp\u00e9cifiquement les acteurs professionnels de son territoire dont ses h\u00e9bergeurs<\/b>.<\/p><p>Cette\u00a0<strong>charte<\/strong>\u00a0<strong>valorise les acteurs professionnels de la station<\/strong>\u00a0inscrits dans une\u00a0<strong>d\u00e9marche \u00e9cologique, durable et solidaire\u00a0<\/strong><span style=\"color: var( --e-global-color-text ); font-size: 1rem;\">(restaurateurs, h\u00e9bergeurs, prestataires d\u2019activit\u00e9s, etc.)<\/span><span style=\"color: var( --e-global-color-text ); font-size: 1rem;\">.<\/span><\/p><p>Lien vers la <a href=\"http:\/\/maison-proprietaires-chamrousse.com\/wp-content\/uploads\/2023\/08\/Flocon-vert_charte-des-acteurs-engages.pdf\"><span style=\"text-decoration: underline;\"><strong>charte des acteurs engag\u00e9s<\/strong><\/span><\/a>.\u00a0<br \/>Plus d&rsquo;informations via le <a href=\"https:\/\/maison-proprietaires-chamrousse.com\/\"><span style=\"text-decoration: underline;\">formulaire de contact<\/span><\/a>.<\/p><p><em>[Cette d\u00e9marche est en phase de test sur la station de Chamrousse et sera peut-\u00eatre d\u00e9velopp\u00e9e dans les prochaines ann\u00e9es sur les autres stations labellis\u00e9es Flocon vert.]<\/em><\/p>\t\t\t\t\t\t\t\t<\/div>\n\t\t\t\t<\/div>\n\t\t\t\t\t<\/div>\n\t\t<\/div>\n\t\t\t\t\t<\/div>\n\t\t<\/section>\n\t\t\t\t<\/div>\n\t\t","protected":false},"excerpt":{"rendered":"<p>Le label Flocon Vert La station de Chamrousse s\u2019est engag\u00e9e dans une d\u00e9marche de d\u00e9veloppement durable avec l\u2019obtention en 2017 du label Flocon Vert et cherche \u00e0 engager plus sp\u00e9cifiquement les acteurs professionnels de son territoire dont ses h\u00e9bergeurs. Cette&nbsp;charte&nbsp;valorise les acteurs professionnels de la station&nbsp;inscrits dans une&nbsp;d\u00e9marche \u00e9cologique, durable et solidaire&nbsp;(restaurateurs, h\u00e9bergeurs, prestataires d\u2019activit\u00e9s, &hellip; <\/p>\n<p class=\"link-more\"><a href=\"https:\/\/maison-proprietaires-chamrousse.com\/index.php\/maison-proprietaires-chamrousse\/je-loue-ou-souhaite-louer-mon-appartement\/valoriser-mon-bien-labels-et-classements\/le-label-flocon-vert\/\" class=\"more-link\">Continuer la lecture<span class=\"screen-reader-text\"> de &laquo;&nbsp;Le label Flocon Vert&nbsp;&raquo;<\/span><\/a><\/p>\n","protected":false},"author":1,"featured_media":0,"parent":3019,"menu_order":2,"comment_status":"closed","ping_status":"closed","template":"elementor_header_footer","meta":{"_monsterinsights_skip_tracking":false,"_monsterinsights_sitenote_active":false,"_monsterinsights_sitenote_note":"","_monsterinsights_sitenote_category":0,"footnotes":""},"class_list":["post-4464","page","type-page","status-publish","hentry"],"yoast_head":"<!-- This site is optimized with the Yoast SEO plugin v27.3 - https:\/\/yoast.com\/product\/yoast-seo-wordpress\/ -->\n<title>Le label Flocon Vert - Maison des Propri\u00e9taires<\/title>\n<meta name=\"robots\" content=\"index, follow, max-snippet:-1, max-image-preview:large, max-video-preview:-1\" \/>\n<link rel=\"canonical\" href=\"https:\/\/maison-proprietaires-chamrousse.com\/index.php\/maison-proprietaires-chamrousse\/je-loue-ou-souhaite-louer-mon-appartement\/valoriser-mon-bien-labels-et-classements\/le-label-flocon-vert\/\" \/>\n<meta property=\"og:locale\" content=\"fr_FR\" \/>\n<meta property=\"og:type\" content=\"article\" \/>\n<meta property=\"og:title\" content=\"Le label Flocon Vert - Maison des Propri\u00e9taires\" \/>\n<meta property=\"og:description\" content=\"Le label Flocon Vert La station de Chamrousse s\u2019est engag\u00e9e dans une d\u00e9marche de d\u00e9veloppement durable avec l\u2019obtention en 2017 du label Flocon Vert et cherche \u00e0 engager plus sp\u00e9cifiquement les acteurs professionnels de son territoire dont ses h\u00e9bergeurs. Cette&nbsp;charte&nbsp;valorise les acteurs professionnels de la station&nbsp;inscrits dans une&nbsp;d\u00e9marche \u00e9cologique, durable et solidaire&nbsp;(restaurateurs, h\u00e9bergeurs, prestataires d\u2019activit\u00e9s, &hellip; Continuer la lecture de &laquo;&nbsp;Le label Flocon Vert&nbsp;&raquo;\" \/>\n<meta property=\"og:url\" content=\"https:\/\/maison-proprietaires-chamrousse.com\/index.php\/maison-proprietaires-chamrousse\/je-loue-ou-souhaite-louer-mon-appartement\/valoriser-mon-bien-labels-et-classements\/le-label-flocon-vert\/\" \/>\n<meta property=\"og:site_name\" content=\"Maison des Propri\u00e9taires\" \/>\n<meta property=\"article:modified_time\" content=\"2023-08-01T08:27:29+00:00\" \/>\n<meta property=\"og:image\" content=\"http:\/\/maison-proprietaires-chamrousse.com\/wp-content\/uploads\/2023\/08\/Logo-acteurs-engages_web.png\" \/>\n<meta name=\"twitter:card\" content=\"summary_large_image\" \/>\n<meta name=\"twitter:label1\" content=\"Dur\u00e9e de lecture estim\u00e9e\" \/>\n\t<meta name=\"twitter:data1\" content=\"1 minute\" \/>\n<script type=\"application\/ld+json\" class=\"yoast-schema-graph\">{\"@context\":\"https:\\\/\\\/schema.org\",\"@graph\":[{\"@type\":\"WebPage\",\"@id\":\"https:\\\/\\\/maison-proprietaires-chamrousse.com\\\/index.php\\\/maison-proprietaires-chamrousse\\\/je-loue-ou-souhaite-louer-mon-appartement\\\/valoriser-mon-bien-labels-et-classements\\\/le-label-flocon-vert\\\/\",\"url\":\"https:\\\/\\\/maison-proprietaires-chamrousse.com\\\/index.php\\\/maison-proprietaires-chamrousse\\\/je-loue-ou-souhaite-louer-mon-appartement\\\/valoriser-mon-bien-labels-et-classements\\\/le-label-flocon-vert\\\/\",\"name\":\"Le label Flocon Vert - Maison des Propri\u00e9taires\",\"isPartOf\":{\"@id\":\"https:\\\/\\\/maison-proprietaires-chamrousse.com\\\/#website\"},\"primaryImageOfPage\":{\"@id\":\"https:\\\/\\\/maison-proprietaires-chamrousse.com\\\/index.php\\\/maison-proprietaires-chamrousse\\\/je-loue-ou-souhaite-louer-mon-appartement\\\/valoriser-mon-bien-labels-et-classements\\\/le-label-flocon-vert\\\/#primaryimage\"},\"image\":{\"@id\":\"https:\\\/\\\/maison-proprietaires-chamrousse.com\\\/index.php\\\/maison-proprietaires-chamrousse\\\/je-loue-ou-souhaite-louer-mon-appartement\\\/valoriser-mon-bien-labels-et-classements\\\/le-label-flocon-vert\\\/#primaryimage\"},\"thumbnailUrl\":\"http:\\\/\\\/maison-proprietaires-chamrousse.com\\\/wp-content\\\/uploads\\\/2023\\\/08\\\/Logo-acteurs-engages_web.png\",\"datePublished\":\"2023-08-01T07:32:37+00:00\",\"dateModified\":\"2023-08-01T08:27:29+00:00\",\"breadcrumb\":{\"@id\":\"https:\\\/\\\/maison-proprietaires-chamrousse.com\\\/index.php\\\/maison-proprietaires-chamrousse\\\/je-loue-ou-souhaite-louer-mon-appartement\\\/valoriser-mon-bien-labels-et-classements\\\/le-label-flocon-vert\\\/#breadcrumb\"},\"inLanguage\":\"fr-FR\",\"potentialAction\":[{\"@type\":\"ReadAction\",\"target\":[\"https:\\\/\\\/maison-proprietaires-chamrousse.com\\\/index.php\\\/maison-proprietaires-chamrousse\\\/je-loue-ou-souhaite-louer-mon-appartement\\\/valoriser-mon-bien-labels-et-classements\\\/le-label-flocon-vert\\\/\"]}]},{\"@type\":\"ImageObject\",\"inLanguage\":\"fr-FR\",\"@id\":\"https:\\\/\\\/maison-proprietaires-chamrousse.com\\\/index.php\\\/maison-proprietaires-chamrousse\\\/je-loue-ou-souhaite-louer-mon-appartement\\\/valoriser-mon-bien-labels-et-classements\\\/le-label-flocon-vert\\\/#primaryimage\",\"url\":\"http:\\\/\\\/maison-proprietaires-chamrousse.com\\\/wp-content\\\/uploads\\\/2023\\\/08\\\/Logo-acteurs-engages_web.png\",\"contentUrl\":\"http:\\\/\\\/maison-proprietaires-chamrousse.com\\\/wp-content\\\/uploads\\\/2023\\\/08\\\/Logo-acteurs-engages_web.png\"},{\"@type\":\"BreadcrumbList\",\"@id\":\"https:\\\/\\\/maison-proprietaires-chamrousse.com\\\/index.php\\\/maison-proprietaires-chamrousse\\\/je-loue-ou-souhaite-louer-mon-appartement\\\/valoriser-mon-bien-labels-et-classements\\\/le-label-flocon-vert\\\/#breadcrumb\",\"itemListElement\":[{\"@type\":\"ListItem\",\"position\":1,\"name\":\"Accueil\",\"item\":\"https:\\\/\\\/maison-proprietaires-chamrousse.com\\\/\"},{\"@type\":\"ListItem\",\"position\":2,\"name\":\"Maison des propri\u00e9taires\",\"item\":\"https:\\\/\\\/maison-proprietaires-chamrousse.com\\\/\"},{\"@type\":\"ListItem\",\"position\":3,\"name\":\"Je loue ou souhaite louer mon appartement\",\"item\":\"https:\\\/\\\/maison-proprietaires-chamrousse.com\\\/index.php\\\/maison-proprietaires-chamrousse\\\/je-loue-ou-souhaite-louer-mon-appartement\\\/\"},{\"@type\":\"ListItem\",\"position\":4,\"name\":\"Valoriser mon h\u00e9bergement : Labels et classements\",\"item\":\"https:\\\/\\\/maison-proprietaires-chamrousse.com\\\/index.php\\\/maison-proprietaires-chamrousse\\\/je-loue-ou-souhaite-louer-mon-appartement\\\/valoriser-mon-bien-labels-et-classements\\\/\"},{\"@type\":\"ListItem\",\"position\":5,\"name\":\"Le label Flocon Vert\"}]},{\"@type\":\"WebSite\",\"@id\":\"https:\\\/\\\/maison-proprietaires-chamrousse.com\\\/#website\",\"url\":\"https:\\\/\\\/maison-proprietaires-chamrousse.com\\\/\",\"name\":\"Maison des Propri\u00e9taires\",\"description\":\"Informations, conseils, actualit\u00e9s\",\"publisher\":{\"@id\":\"https:\\\/\\\/maison-proprietaires-chamrousse.com\\\/#organization\"},\"potentialAction\":[{\"@type\":\"SearchAction\",\"target\":{\"@type\":\"EntryPoint\",\"urlTemplate\":\"https:\\\/\\\/maison-proprietaires-chamrousse.com\\\/?s={search_term_string}\"},\"query-input\":{\"@type\":\"PropertyValueSpecification\",\"valueRequired\":true,\"valueName\":\"search_term_string\"}}],\"inLanguage\":\"fr-FR\"},{\"@type\":\"Organization\",\"@id\":\"https:\\\/\\\/maison-proprietaires-chamrousse.com\\\/#organization\",\"name\":\"Maison des Propri\u00e9taires\",\"url\":\"https:\\\/\\\/maison-proprietaires-chamrousse.com\\\/\",\"logo\":{\"@type\":\"ImageObject\",\"inLanguage\":\"fr-FR\",\"@id\":\"https:\\\/\\\/maison-proprietaires-chamrousse.com\\\/#\\\/schema\\\/logo\\\/image\\\/\",\"url\":\"https:\\\/\\\/maison-proprietaires-chamrousse.com\\\/wp-content\\\/uploads\\\/2023\\\/01\\\/cropped-LOGO_CHAMROUSSE_noir_web.png\",\"contentUrl\":\"https:\\\/\\\/maison-proprietaires-chamrousse.com\\\/wp-content\\\/uploads\\\/2023\\\/01\\\/cropped-LOGO_CHAMROUSSE_noir_web.png\",\"width\":1218,\"height\":250,\"caption\":\"Maison des Propri\u00e9taires\"},\"image\":{\"@id\":\"https:\\\/\\\/maison-proprietaires-chamrousse.com\\\/#\\\/schema\\\/logo\\\/image\\\/\"}}]}<\/script>\n<!-- \/ Yoast SEO plugin. -->","yoast_head_json":{"title":"Le label Flocon Vert - Maison des Propri\u00e9taires","robots":{"index":"index","follow":"follow","max-snippet":"max-snippet:-1","max-image-preview":"max-image-preview:large","max-video-preview":"max-video-preview:-1"},"canonical":"https:\/\/maison-proprietaires-chamrousse.com\/index.php\/maison-proprietaires-chamrousse\/je-loue-ou-souhaite-louer-mon-appartement\/valoriser-mon-bien-labels-et-classements\/le-label-flocon-vert\/","og_locale":"fr_FR","og_type":"article","og_title":"Le label Flocon Vert - Maison des Propri\u00e9taires","og_description":"Le label Flocon Vert La station de Chamrousse s\u2019est engag\u00e9e dans une d\u00e9marche de d\u00e9veloppement durable avec l\u2019obtention en 2017 du label Flocon Vert et cherche \u00e0 engager plus sp\u00e9cifiquement les acteurs professionnels de son territoire dont ses h\u00e9bergeurs. Cette&nbsp;charte&nbsp;valorise les acteurs professionnels de la station&nbsp;inscrits dans une&nbsp;d\u00e9marche \u00e9cologique, durable et solidaire&nbsp;(restaurateurs, h\u00e9bergeurs, prestataires d\u2019activit\u00e9s, &hellip; Continuer la lecture de &laquo;&nbsp;Le label Flocon Vert&nbsp;&raquo;","og_url":"https:\/\/maison-proprietaires-chamrousse.com\/index.php\/maison-proprietaires-chamrousse\/je-loue-ou-souhaite-louer-mon-appartement\/valoriser-mon-bien-labels-et-classements\/le-label-flocon-vert\/","og_site_name":"Maison des Propri\u00e9taires","article_modified_time":"2023-08-01T08:27:29+00:00","og_image":[{"url":"http:\/\/maison-proprietaires-chamrousse.com\/wp-content\/uploads\/2023\/08\/Logo-acteurs-engages_web.png","type":"","width":"","height":""}],"twitter_card":"summary_large_image","twitter_misc":{"Dur\u00e9e de lecture estim\u00e9e":"1 minute"},"schema":{"@context":"https:\/\/schema.org","@graph":[{"@type":"WebPage","@id":"https:\/\/maison-proprietaires-chamrousse.com\/index.php\/maison-proprietaires-chamrousse\/je-loue-ou-souhaite-louer-mon-appartement\/valoriser-mon-bien-labels-et-classements\/le-label-flocon-vert\/","url":"https:\/\/maison-proprietaires-chamrousse.com\/index.php\/maison-proprietaires-chamrousse\/je-loue-ou-souhaite-louer-mon-appartement\/valoriser-mon-bien-labels-et-classements\/le-label-flocon-vert\/","name":"Le label Flocon Vert - Maison des Propri\u00e9taires","isPartOf":{"@id":"https:\/\/maison-proprietaires-chamrousse.com\/#website"},"primaryImageOfPage":{"@id":"https:\/\/maison-proprietaires-chamrousse.com\/index.php\/maison-proprietaires-chamrousse\/je-loue-ou-souhaite-louer-mon-appartement\/valoriser-mon-bien-labels-et-classements\/le-label-flocon-vert\/#primaryimage"},"image":{"@id":"https:\/\/maison-proprietaires-chamrousse.com\/index.php\/maison-proprietaires-chamrousse\/je-loue-ou-souhaite-louer-mon-appartement\/valoriser-mon-bien-labels-et-classements\/le-label-flocon-vert\/#primaryimage"},"thumbnailUrl":"http:\/\/maison-proprietaires-chamrousse.com\/wp-content\/uploads\/2023\/08\/Logo-acteurs-engages_web.png","datePublished":"2023-08-01T07:32:37+00:00","dateModified":"2023-08-01T08:27:29+00:00","breadcrumb":{"@id":"https:\/\/maison-proprietaires-chamrousse.com\/index.php\/maison-proprietaires-chamrousse\/je-loue-ou-souhaite-louer-mon-appartement\/valoriser-mon-bien-labels-et-classements\/le-label-flocon-vert\/#breadcrumb"},"inLanguage":"fr-FR","potentialAction":[{"@type":"ReadAction","target":["https:\/\/maison-proprietaires-chamrousse.com\/index.php\/maison-proprietaires-chamrousse\/je-loue-ou-souhaite-louer-mon-appartement\/valoriser-mon-bien-labels-et-classements\/le-label-flocon-vert\/"]}]},{"@type":"ImageObject","inLanguage":"fr-FR","@id":"https:\/\/maison-proprietaires-chamrousse.com\/index.php\/maison-proprietaires-chamrousse\/je-loue-ou-souhaite-louer-mon-appartement\/valoriser-mon-bien-labels-et-classements\/le-label-flocon-vert\/#primaryimage","url":"http:\/\/maison-proprietaires-chamrousse.com\/wp-content\/uploads\/2023\/08\/Logo-acteurs-engages_web.png","contentUrl":"http:\/\/maison-proprietaires-chamrousse.com\/wp-content\/uploads\/2023\/08\/Logo-acteurs-engages_web.png"},{"@type":"BreadcrumbList","@id":"https:\/\/maison-proprietaires-chamrousse.com\/index.php\/maison-proprietaires-chamrousse\/je-loue-ou-souhaite-louer-mon-appartement\/valoriser-mon-bien-labels-et-classements\/le-label-flocon-vert\/#breadcrumb","itemListElement":[{"@type":"ListItem","position":1,"name":"Accueil","item":"https:\/\/maison-proprietaires-chamrousse.com\/"},{"@type":"ListItem","position":2,"name":"Maison des propri\u00e9taires","item":"https:\/\/maison-proprietaires-chamrousse.com\/"},{"@type":"ListItem","position":3,"name":"Je loue ou souhaite louer mon appartement","item":"https:\/\/maison-proprietaires-chamrousse.com\/index.php\/maison-proprietaires-chamrousse\/je-loue-ou-souhaite-louer-mon-appartement\/"},{"@type":"ListItem","position":4,"name":"Valoriser mon h\u00e9bergement : Labels et classements","item":"https:\/\/maison-proprietaires-chamrousse.com\/index.php\/maison-proprietaires-chamrousse\/je-loue-ou-souhaite-louer-mon-appartement\/valoriser-mon-bien-labels-et-classements\/"},{"@type":"ListItem","position":5,"name":"Le label Flocon Vert"}]},{"@type":"WebSite","@id":"https:\/\/maison-proprietaires-chamrousse.com\/#website","url":"https:\/\/maison-proprietaires-chamrousse.com\/","name":"Maison des Propri\u00e9taires","description":"Informations, conseils, actualit\u00e9s","publisher":{"@id":"https:\/\/maison-proprietaires-chamrousse.com\/#organization"},"potentialAction":[{"@type":"SearchAction","target":{"@type":"EntryPoint","urlTemplate":"https:\/\/maison-proprietaires-chamrousse.com\/?s={search_term_string}"},"query-input":{"@type":"PropertyValueSpecification","valueRequired":true,"valueName":"search_term_string"}}],"inLanguage":"fr-FR"},{"@type":"Organization","@id":"https:\/\/maison-proprietaires-chamrousse.com\/#organization","name":"Maison des Propri\u00e9taires","url":"https:\/\/maison-proprietaires-chamrousse.com\/","logo":{"@type":"ImageObject","inLanguage":"fr-FR","@id":"https:\/\/maison-proprietaires-chamrousse.com\/#\/schema\/logo\/image\/","url":"https:\/\/maison-proprietaires-chamrousse.com\/wp-content\/uploads\/2023\/01\/cropped-LOGO_CHAMROUSSE_noir_web.png","contentUrl":"https:\/\/maison-proprietaires-chamrousse.com\/wp-content\/uploads\/2023\/01\/cropped-LOGO_CHAMROUSSE_noir_web.png","width":1218,"height":250,"caption":"Maison des Propri\u00e9taires"},"image":{"@id":"https:\/\/maison-proprietaires-chamrousse.com\/#\/schema\/logo\/image\/"}}]}},"_links":{"self":[{"href":"https:\/\/maison-proprietaires-chamrousse.com\/index.php\/wp-json\/wp\/v2\/pages\/4464","targetHints":{"allow":["GET"]}}],"collection":[{"href":"https:\/\/maison-proprietaires-chamrousse.com\/index.php\/wp-json\/wp\/v2\/pages"}],"about":[{"href":"https:\/\/maison-proprietaires-chamrousse.com\/index.php\/wp-json\/wp\/v2\/types\/page"}],"author":[{"embeddable":true,"href":"https:\/\/maison-proprietaires-chamrousse.com\/index.php\/wp-json\/wp\/v2\/users\/1"}],"replies":[{"embeddable":true,"href":"https:\/\/maison-proprietaires-chamrousse.com\/index.php\/wp-json\/wp\/v2\/comments?post=4464"}],"version-history":[{"count":26,"href":"https:\/\/maison-proprietaires-chamrousse.com\/index.php\/wp-json\/wp\/v2\/pages\/4464\/revisions"}],"predecessor-version":[{"id":4498,"href":"https:\/\/maison-proprietaires-chamrousse.com\/index.php\/wp-json\/wp\/v2\/pages\/4464\/revisions\/4498"}],"up":[{"embeddable":true,"href":"https:\/\/maison-proprietaires-chamrousse.com\/index.php\/wp-json\/wp\/v2\/pages\/3019"}],"wp:attachment":[{"href":"https:\/\/maison-proprietaires-chamrousse.com\/index.php\/wp-json\/wp\/v2\/media?parent=4464"}],"curies":[{"name":"wp","href":"https:\/\/api.w.org\/{rel}","templated":true}]}}